{"id":836,"date":"2023-10-16T21:01:20","date_gmt":"2023-10-16T20:01:20","guid":{"rendered":"http:\/\/www.ecolesaintjoseph.fr\/?page_id=836"},"modified":"2025-09-15T20:36:46","modified_gmt":"2025-09-15T19:36:46","slug":"un-projet-pour-lannee","status":"publish","type":"page","link":"http:\/\/www.ecolesaintjoseph.fr\/?page_id=836","title":{"rendered":"Un projet pour l&rsquo;ann\u00e9e"},"content":{"rendered":"\n<p>Chaque rentr\u00e9e est l\u2019occasion pour l\u2019\u00e9quipe enseignante de pr\u00e9senter aux enfants et aux parents le projet d\u2019ann\u00e9e choisi.&nbsp;<\/p>\n\n\n\n<p>Cette p\u00e9dagogie centr\u00e9e autour d\u2019un projet commun est adapt\u00e9e \u00e0 l\u2019ensemble des classes et \u00e0 l\u2019\u00e2ge des \u00e9l\u00e8ves.<\/p>\n\n\n\n<p class=\"has-text-align-left\"><mark style=\"background-color:rgba(0, 0, 0, 0);color:#2fc600\" class=\"has-inline-color\">Le grand th\u00e8me de notre ann\u00e9e 2024 a \u00e9t\u00e9 La Paix en r\u00e9f\u00e9rence aux 80 ans de la fin de la seconde guerre mondiale.<\/mark><\/p>\n\n\n\n<p class=\"has-text-align-left\">Tout au long de cette ann\u00e9e nous avons d\u00e9clin\u00e9 ce grand th\u00e8me autour des valeurs de respect, de tol\u00e9rance et d\u2019amiti\u00e9 qui constituent les fondements d&rsquo;un monde en paix.<\/p>\n\n\n\n<p>Plusieurs \u00e9v\u00e8nements ont \u00e9t\u00e9 organis\u00e9s au cours de l&rsquo;ann\u00e9e au sein de l&rsquo;\u00e9cole et \u00e0 l&rsquo;ext\u00e9rieur,\u00a0avec diff\u00e9rents partenaires.<\/p>\n\n\n\n<div class=\"wp-block-media-text is-stacked-on-mobile\" style=\"grid-template-columns:42% auto\"><figure class=\"wp-block-media-text__media\"><img loading=\"lazy\" decoding=\"async\" width=\"1024\" height=\"768\" src=\"http:\/\/www.ecolesaintjoseph.fr\/wp-content\/uploads\/2024\/10\/461053584_18256198171248272_3880011576668802517_n-2-1024x768.jpg\" alt=\"\" class=\"wp-image-1475 size-full\" srcset=\"http:\/\/www.ecolesaintjoseph.fr\/wp-content\/uploads\/2024\/10\/461053584_18256198171248272_3880011576668802517_n-2-1024x768.jpg 1024w, http:\/\/www.ecolesaintjoseph.fr\/wp-content\/uploads\/2024\/10\/461053584_18256198171248272_3880011576668802517_n-2-300x225.jpg 300w, http:\/\/www.ecolesaintjoseph.fr\/wp-content\/uploads\/2024\/10\/461053584_18256198171248272_3880011576668802517_n-2-768x576.jpg 768w, http:\/\/www.ecolesaintjoseph.fr\/wp-content\/uploads\/2024\/10\/461053584_18256198171248272_3880011576668802517_n-2.jpg 1280w\" sizes=\"auto, (max-width: 1024px) 100vw, 1024px\" \/><\/figure><div class=\"wp-block-media-text__content\">\n<p><strong><mark style=\"background-color:rgba(0, 0, 0, 0);color:#2fc600\" class=\"has-inline-color\">21 septembre 2024, journ\u00e9e internationale de la Paix<\/mark><\/strong><\/p>\n\n\n\n<p>Samedi 21 septembre 2024, nous avons c\u00e9l\u00e9br\u00e9 la Journ\u00e9e Internationale de la Paix \u00e0 l\u2019\u00e9cole ! <\/p>\n\n\n\n<p>Les enfants \u00e9taient r\u00e9unis pour partager ce moment de rentr\u00e9e. En pr\u00e9sence de Don Fran\u00e7ois, nous avons c\u00e9l\u00e9br\u00e9 la Paix en chantant!<\/p>\n<\/div><\/div>\n\n\n\n<p>Nous avons retenu que la paix n\u2019est pas qu&rsquo;une journ\u00e9e de c\u00e9l\u00e9bration ! C\u2019est un engagement de chaque jour ! En cultivant des relations bas\u00e9es sur la bienveillance et la compr\u00e9hension, nous construisons un avenir plus pacifique et solidaire.<\/p>\n\n\n\n<p>Nous nous sommes engager \u00e0 semer ces graines de paix tout au long de l\u2019ann\u00e9e, dans chaque geste et chaque mot.<\/p>\n","protected":false},"excerpt":{"rendered":"<p>Chaque rentr\u00e9e est l\u2019occasion pour l\u2019\u00e9quipe enseignante de pr\u00e9senter aux enfants et aux parents le projet d\u2019ann\u00e9e choisi.&nbsp; Cette p\u00e9dagogie &hellip; <\/p>\n","protected":false},"author":2,"featured_media":1488,"parent":0,"menu_order":0,"comment_status":"closed","ping_status":"closed","template":"","meta":{"footnotes":""},"class_list":["post-836","page","type-page","status-publish","has-post-thumbnail","hentry"],"_links":{"self":[{"href":"http:\/\/www.ecolesaintjoseph.fr\/index.php?rest_route=\/wp\/v2\/pages\/836","targetHints":{"allow":["GET"]}}],"collection":[{"href":"http:\/\/www.ecolesaintjoseph.fr\/index.php?rest_route=\/wp\/v2\/pages"}],"about":[{"href":"http:\/\/www.ecolesaintjoseph.fr\/index.php?rest_route=\/wp\/v2\/types\/page"}],"author":[{"embeddable":true,"href":"http:\/\/www.ecolesaintjoseph.fr\/index.php?rest_route=\/wp\/v2\/users\/2"}],"replies":[{"embeddable":true,"href":"http:\/\/www.ecolesaintjoseph.fr\/index.php?rest_route=%2Fwp%2Fv2%2Fcomments&post=836"}],"version-history":[{"count":19,"href":"http:\/\/www.ecolesaintjoseph.fr\/index.php?rest_route=\/wp\/v2\/pages\/836\/revisions"}],"predecessor-version":[{"id":1530,"href":"http:\/\/www.ecolesaintjoseph.fr\/index.php?rest_route=\/wp\/v2\/pages\/836\/revisions\/1530"}],"wp:featuredmedia":[{"embeddable":true,"href":"http:\/\/www.ecolesaintjoseph.fr\/index.php?rest_route=\/wp\/v2\/media\/1488"}],"wp:attachment":[{"href":"http:\/\/www.ecolesaintjoseph.fr\/index.php?rest_route=%2Fwp%2Fv2%2Fmedia&parent=836"}],"curies":[{"name":"wp","href":"https:\/\/api.w.org\/{rel}","templated":true}]}}