{"id":837,"date":"2023-10-16T21:01:20","date_gmt":"2023-10-16T20:01:20","guid":{"rendered":"http:\/\/www.ecolesaintjoseph.fr\/?page_id=837"},"modified":"2024-10-13T16:29:02","modified_gmt":"2024-10-13T15:29:02","slug":"projet-pedagogique-2","status":"publish","type":"page","link":"http:\/\/www.ecolesaintjoseph.fr\/?page_id=837","title":{"rendered":"Projet p\u00e9dagogique"},"content":{"rendered":"\n<p>Pens\u00e9e comme un lieu de vie et d\u2019\u00e9change l\u2019\u00e9cole Saint-Joseph implique l\u2019ensemble des \u00e9l\u00e8ves, d\u00e8s la petite section de maternelle, pleinement acteurs de la vie de l\u2019\u00e9cole au travers la r\u00e9alisation de projets, de sorties th\u00e9matiques, d\u2019activit\u00e9s artistiques ou sportives.<\/p>\n\n\n\n<p>Gr\u00e2ce \u00e0 un suivi individualis\u00e9 bas\u00e9 sur une p\u00e9dagogie bienveillante et exigeante, l\u2019ensemble de l\u2019\u00e9quipe \u00e9ducative est mobilis\u00e9e au quotidien pour la r\u00e9ussite de ses \u00e9l\u00e8ves. \u00a0<\/p>\n\n\n\n<p>Ces valeurs se retrouvent dans chaque moment fort de l&rsquo;ann\u00e9e.<\/p>\n\n\n\n<p><\/p>\n\n\n\n<p><span><mark style=\"font-weight: bold; background-color: rgba(0, 0, 0, 0); color: rgb(47, 198, 0);\" class=\"has-inline-color\">La rentr\u00e9e \u00e9chelonn\u00e9e <\/mark><\/span><\/p>\n\n\n\n<p>Accueillir les \u00e9l\u00e8ves et leur famille est une des priorit\u00e9s de notre projet \u00e9ducatif.<\/p>\n\n\n\n<p>Aussi, depuis maintenant plus de 15 ans, nous proposons des modalit\u00e9s de rentr\u00e9e un peu diff\u00e9rentes pour que nos \u00e9l\u00e8ves (et leurs parents) puissent vivre ce moment, souvent m\u00eal\u00e9 d\u2019excitation et d\u2019appr\u00e9hension, le plus sereinement possible. <\/p>\n\n\n\n<p>Nous faisons une pr\u00e9-rentr\u00e9e afin que tout se passe en douceur. En venant en famille, sur un cr\u00e9neau d\u00e9di\u00e9, les \u00e9l\u00e8ves peuvent installer leurs affaires, rencontrer leurs enseignantes, et apaiser les petites angoisses avant le grand jour. Un moment de s\u00e9r\u00e9nit\u00e9 pour commencer l\u2019ann\u00e9e scolaire avec le cartable plus l\u00e9ger, et le c\u0153ur rempli de confiance et de joie.<\/p>\n\n\n\n<p><\/p>\n\n\n\n<p><span><mark style=\"font-weight: bold; background-color: rgba(0, 0, 0, 0); color: rgb(47, 198, 0);\" class=\"has-inline-color\">La rentr\u00e9e<\/mark><\/span><\/p>\n\n\n\n<p>La rentr\u00e9e commence par un discours d&rsquo;accueil de la directrice Mme Stepho avec une pr\u00e9sentation de l&rsquo;\u00e9quipe p\u00e9dagogique et la traditionnelle b\u00e9n\u00e9diction des cartables par le P\u00e8re Don Ren\u00e9-Fran\u00e7ois.<\/p>\n\n\n\n<p>Apr\u00e8s ce moment si pr\u00e9cieux partag\u00e9 en famille, chaque enfant regagne sa classe avec son institutrice.<\/p>\n\n\n\n<figure class=\"wp-block-gallery has-nested-images columns-default is-cropped wp-block-gallery-1 is-layout-flex wp-block-gallery-is-layout-flex\">\n<figure class=\"wp-block-image size-large\"><a href=\"http:\/\/www.ecolesaintjoseph.fr\/wp-content\/uploads\/2024\/09\/RENTREE-1.jpg\"><img loading=\"lazy\" decoding=\"async\" width=\"819\" height=\"1024\" data-id=\"1421\" src=\"http:\/\/www.ecolesaintjoseph.fr\/wp-content\/uploads\/2024\/09\/RENTREE-1-819x1024.jpg\" alt=\"\" class=\"wp-image-1421\" srcset=\"http:\/\/www.ecolesaintjoseph.fr\/wp-content\/uploads\/2024\/09\/RENTREE-1-819x1024.jpg 819w, http:\/\/www.ecolesaintjoseph.fr\/wp-content\/uploads\/2024\/09\/RENTREE-1-240x300.jpg 240w, http:\/\/www.ecolesaintjoseph.fr\/wp-content\/uploads\/2024\/09\/RENTREE-1-768x960.jpg 768w, http:\/\/www.ecolesaintjoseph.fr\/wp-content\/uploads\/2024\/09\/RENTREE-1-1229x1536.jpg 1229w, http:\/\/www.ecolesaintjoseph.fr\/wp-content\/uploads\/2024\/09\/RENTREE-1.jpg 1440w\" sizes=\"auto, (max-width: 819px) 100vw, 819px\" \/><\/a><\/figure>\n\n\n\n<figure class=\"wp-block-image size-large\"><a href=\"http:\/\/www.ecolesaintjoseph.fr\/wp-content\/uploads\/2024\/09\/RENTREE-2-1.jpg\"><img loading=\"lazy\" decoding=\"async\" width=\"1024\" height=\"535\" data-id=\"1422\" src=\"http:\/\/www.ecolesaintjoseph.fr\/wp-content\/uploads\/2024\/09\/RENTREE-2-1-1024x535.jpg\" alt=\"\" class=\"wp-image-1422\" srcset=\"http:\/\/www.ecolesaintjoseph.fr\/wp-content\/uploads\/2024\/09\/RENTREE-2-1-1024x535.jpg 1024w, http:\/\/www.ecolesaintjoseph.fr\/wp-content\/uploads\/2024\/09\/RENTREE-2-1-300x157.jpg 300w, http:\/\/www.ecolesaintjoseph.fr\/wp-content\/uploads\/2024\/09\/RENTREE-2-1-768x401.jpg 768w, http:\/\/www.ecolesaintjoseph.fr\/wp-content\/uploads\/2024\/09\/RENTREE-2-1-1536x802.jpg 1536w, http:\/\/www.ecolesaintjoseph.fr\/wp-content\/uploads\/2024\/09\/RENTREE-2-1.jpg 2048w\" sizes=\"auto, (max-width: 1024px) 100vw, 1024px\" \/><\/a><\/figure>\n\n\n\n<figure class=\"wp-block-image size-large\"><a href=\"http:\/\/www.ecolesaintjoseph.fr\/wp-content\/uploads\/2024\/09\/RENTREE-3-1.jpg\"><img loading=\"lazy\" decoding=\"async\" width=\"1024\" height=\"768\" data-id=\"1423\" src=\"http:\/\/www.ecolesaintjoseph.fr\/wp-content\/uploads\/2024\/09\/RENTREE-3-1-1024x768.jpg\" alt=\"\" class=\"wp-image-1423\" srcset=\"http:\/\/www.ecolesaintjoseph.fr\/wp-content\/uploads\/2024\/09\/RENTREE-3-1-1024x768.jpg 1024w, http:\/\/www.ecolesaintjoseph.fr\/wp-content\/uploads\/2024\/09\/RENTREE-3-1-300x225.jpg 300w, http:\/\/www.ecolesaintjoseph.fr\/wp-content\/uploads\/2024\/09\/RENTREE-3-1-768x576.jpg 768w, http:\/\/www.ecolesaintjoseph.fr\/wp-content\/uploads\/2024\/09\/RENTREE-3-1-1536x1152.jpg 1536w, http:\/\/www.ecolesaintjoseph.fr\/wp-content\/uploads\/2024\/09\/RENTREE-3-1.jpg 2048w\" sizes=\"auto, (max-width: 1024px) 100vw, 1024px\" \/><\/a><\/figure>\n<\/figure>\n\n\n\n<p><\/p>\n\n\n\n<p><span><mark style=\"font-weight: bold; background-color: rgba(0, 0, 0, 0); color: rgb(47, 198, 0);\" class=\"has-inline-color\">La C\u00e9l\u00e9bration de Rentr\u00e9e<\/mark><\/span><\/p>\n\n\n\n<p>Comme chaque ann\u00e9e la c\u00e9l\u00e9bration de rentr\u00e9e est organis\u00e9e dans le parc de l&rsquo;\u00e9cole.<\/p>\n\n\n\n<p>Enfants et parents sont r\u00e9unis pour partager ce moment en pr\u00e9sence de Don Ren\u00e9 Fran\u00e7ois.<\/p>\n\n\n\n<p>La c\u00e9l\u00e9bration de rentr\u00e9e est l&rsquo;occasion de pr\u00e9senter le projet de l&rsquo;ann\u00e9e, c&rsquo;est notre 1er temps fort de l&rsquo;ann\u00e9e. <\/p>\n\n\n\n<p>Pour la rentr\u00e9e 2024, nous avons c\u00e9l\u00e9br\u00e9 la paix en chantant! Nous \u00e9tions accompagn\u00e9s \u00e0 la guitare par Laurent, papa de 3 enfants \u00e0 l&rsquo;\u00e9cole. <\/p>\n\n\n\n<p>Soeur Rowena et Soeur Monica nous on fait l\u2019honneur de leur pr\u00e9sence et ont distribu\u00e9 aux enfants des petits rameaux d\u2019olivier en souvenir de cette journ\u00e9e. <\/p>\n\n\n\n<figure class=\"wp-block-gallery has-nested-images columns-default is-cropped wp-block-gallery-2 is-layout-flex wp-block-gallery-is-layout-flex\">\n<figure class=\"wp-block-image size-large\"><a href=\"http:\/\/www.ecolesaintjoseph.fr\/wp-content\/uploads\/2024\/10\/461428558_18256198207248272_3392112763361842884_n-2.jpg\"><img loading=\"lazy\" decoding=\"async\" width=\"1024\" height=\"768\" data-id=\"1463\" src=\"http:\/\/www.ecolesaintjoseph.fr\/wp-content\/uploads\/2024\/10\/461428558_18256198207248272_3392112763361842884_n-2-1024x768.jpg\" alt=\"\" class=\"wp-image-1463\" srcset=\"http:\/\/www.ecolesaintjoseph.fr\/wp-content\/uploads\/2024\/10\/461428558_18256198207248272_3392112763361842884_n-2-1024x768.jpg 1024w, http:\/\/www.ecolesaintjoseph.fr\/wp-content\/uploads\/2024\/10\/461428558_18256198207248272_3392112763361842884_n-2-300x225.jpg 300w, http:\/\/www.ecolesaintjoseph.fr\/wp-content\/uploads\/2024\/10\/461428558_18256198207248272_3392112763361842884_n-2-768x576.jpg 768w, http:\/\/www.ecolesaintjoseph.fr\/wp-content\/uploads\/2024\/10\/461428558_18256198207248272_3392112763361842884_n-2.jpg 1440w\" sizes=\"auto, (max-width: 1024px) 100vw, 1024px\" \/><\/a><\/figure>\n\n\n\n<figure class=\"wp-block-image size-large\"><a href=\"http:\/\/www.ecolesaintjoseph.fr\/wp-content\/uploads\/2024\/10\/IMG_2712-2-scaled.jpg\"><img loading=\"lazy\" decoding=\"async\" width=\"1024\" height=\"768\" data-id=\"1465\" src=\"http:\/\/www.ecolesaintjoseph.fr\/wp-content\/uploads\/2024\/10\/IMG_2712-2-1024x768.jpg\" alt=\"\" class=\"wp-image-1465\" srcset=\"http:\/\/www.ecolesaintjoseph.fr\/wp-content\/uploads\/2024\/10\/IMG_2712-2-1024x768.jpg 1024w, http:\/\/www.ecolesaintjoseph.fr\/wp-content\/uploads\/2024\/10\/IMG_2712-2-300x225.jpg 300w, http:\/\/www.ecolesaintjoseph.fr\/wp-content\/uploads\/2024\/10\/IMG_2712-2-768x576.jpg 768w, http:\/\/www.ecolesaintjoseph.fr\/wp-content\/uploads\/2024\/10\/IMG_2712-2-1536x1152.jpg 1536w, http:\/\/www.ecolesaintjoseph.fr\/wp-content\/uploads\/2024\/10\/IMG_2712-2-2048x1536.jpg 2048w\" sizes=\"auto, (max-width: 1024px) 100vw, 1024px\" \/><\/a><\/figure>\n\n\n\n<figure class=\"wp-block-image size-large\"><a href=\"http:\/\/www.ecolesaintjoseph.fr\/wp-content\/uploads\/2024\/10\/460973736_18256198162248272_8620957521911230816_n-2.jpg\"><img loading=\"lazy\" decoding=\"async\" width=\"1024\" height=\"770\" data-id=\"1464\" src=\"http:\/\/www.ecolesaintjoseph.fr\/wp-content\/uploads\/2024\/10\/460973736_18256198162248272_8620957521911230816_n-2-1024x770.jpg\" alt=\"\" class=\"wp-image-1464\" srcset=\"http:\/\/www.ecolesaintjoseph.fr\/wp-content\/uploads\/2024\/10\/460973736_18256198162248272_8620957521911230816_n-2-1024x770.jpg 1024w, http:\/\/www.ecolesaintjoseph.fr\/wp-content\/uploads\/2024\/10\/460973736_18256198162248272_8620957521911230816_n-2-300x226.jpg 300w, http:\/\/www.ecolesaintjoseph.fr\/wp-content\/uploads\/2024\/10\/460973736_18256198162248272_8620957521911230816_n-2-768x578.jpg 768w, http:\/\/www.ecolesaintjoseph.fr\/wp-content\/uploads\/2024\/10\/460973736_18256198162248272_8620957521911230816_n-2.jpg 1440w\" sizes=\"auto, (max-width: 1024px) 100vw, 1024px\" \/><\/a><\/figure>\n<\/figure>\n","protected":false},"excerpt":{"rendered":"<p>Pens\u00e9e comme un lieu de vie et d\u2019\u00e9change l\u2019\u00e9cole Saint-Joseph implique l\u2019ensemble des \u00e9l\u00e8ves, d\u00e8s la petite section de maternelle, &hellip; <\/p>\n","protected":false},"author":1,"featured_media":1469,"parent":0,"menu_order":0,"comment_status":"closed","ping_status":"closed","template":"","meta":{"footnotes":""},"class_list":["post-837","page","type-page","status-publish","has-post-thumbnail","hentry"],"_links":{"self":[{"href":"http:\/\/www.ecolesaintjoseph.fr\/index.php?rest_route=\/wp\/v2\/pages\/837","targetHints":{"allow":["GET"]}}],"collection":[{"href":"http:\/\/www.ecolesaintjoseph.fr\/index.php?rest_route=\/wp\/v2\/pages"}],"about":[{"href":"http:\/\/www.ecolesaintjoseph.fr\/index.php?rest_route=\/wp\/v2\/types\/page"}],"author":[{"embeddable":true,"href":"http:\/\/www.ecolesaintjoseph.fr\/index.php?rest_route=\/wp\/v2\/users\/1"}],"replies":[{"embeddable":true,"href":"http:\/\/www.ecolesaintjoseph.fr\/index.php?rest_route=%2Fwp%2Fv2%2Fcomments&post=837"}],"version-history":[{"count":13,"href":"http:\/\/www.ecolesaintjoseph.fr\/index.php?rest_route=\/wp\/v2\/pages\/837\/revisions"}],"predecessor-version":[{"id":1481,"href":"http:\/\/www.ecolesaintjoseph.fr\/index.php?rest_route=\/wp\/v2\/pages\/837\/revisions\/1481"}],"wp:featuredmedia":[{"embeddable":true,"href":"http:\/\/www.ecolesaintjoseph.fr\/index.php?rest_route=\/wp\/v2\/media\/1469"}],"wp:attachment":[{"href":"http:\/\/www.ecolesaintjoseph.fr\/index.php?rest_route=%2Fwp%2Fv2%2Fmedia&parent=837"}],"curies":[{"name":"wp","href":"https:\/\/api.w.org\/{rel}","templated":true}]}}