{"id":838,"date":"2023-10-16T21:01:20","date_gmt":"2023-10-16T20:01:20","guid":{"rendered":"http:\/\/www.ecolesaintjoseph.fr\/?page_id=838"},"modified":"2026-01-23T11:02:03","modified_gmt":"2026-01-23T10:02:03","slug":"equipe-pedagogique","status":"publish","type":"page","link":"http:\/\/www.ecolesaintjoseph.fr\/?page_id=838","title":{"rendered":"Equipe p\u00e9dagogique"},"content":{"rendered":"\n<p>L\u2019\u00e9cole Saint Joseph accueille aujourd\u2019hui 9 enseignants, 160 \u00e9l\u00e8ves de la Petite Section au CM2, dans 7 classes dont 2 classes de maternelle et 5 classes de primaire.<\/p>\n\n\n\n<p><mark style=\"background-color:rgba(0, 0, 0, 0);color:#75b530\" class=\"has-inline-color\"><strong>Le cycle 1 &#8211; Le cycle des apprentissages premiers<\/strong><\/mark><\/p>\n\n\n\n<figure class=\"wp-block-table is-style-stripes\"><table><tbody><tr><td>Maternelle PS \/ MS<\/td><td>C\u00e9line STEPHO<br><em>Enseignante assurant la journ\u00e9e de <br>d\u00e9charge de direction : <\/em>Emilie LESPAGNOL<\/td><\/tr><tr><td>Maternelle GS<\/td><td>Johanne BRIERRE<\/td><\/tr><\/tbody><\/table><\/figure>\n\n\n\n<figure class=\"wp-block-table is-style-stripes\"><table><tbody><tr><td>Assistante maternelle PS \/ MS<\/td><td>Cristina <br>(2 apprenties)<\/td><\/tr><tr><td>Assistante maternelle MS \/ GS<\/td><td>Fabienne<\/td><\/tr><\/tbody><\/table><\/figure>\n\n\n\n<p><mark style=\"background-color:rgba(0, 0, 0, 0);color:#79b530\" class=\"has-inline-color\"><strong>Le cycle 2 &#8211; Le cycle des apprentissages fondamentaux<\/strong><\/mark><\/p>\n\n\n\n<figure class=\"wp-block-table is-style-stripes\"><table><tbody><tr><td>CP<\/td><td>Marie BONNEFOND<\/td><\/tr><tr><td>CE1<\/td><td>Juliette CALMET<\/td><\/tr><tr><td>CE2<\/td><td>Anne-Sophie FRAMMERY<\/td><\/tr><\/tbody><\/table><\/figure>\n\n\n\n<p><mark style=\"background-color:rgba(0, 0, 0, 0);color:#79b530\" class=\"has-inline-color\"><strong>Le cycle 3 &#8211; Le cycle de consolidation<\/strong><\/mark><\/p>\n\n\n\n<figure class=\"wp-block-table is-style-stripes\"><table><tbody><tr><td>CM1<\/td><td>Myriam ROUFFIGNAC<\/td><\/tr><tr><td>CM2<\/td><td>Elisabeth LE NALIO<\/td><\/tr><\/tbody><\/table><\/figure>\n\n\n\n<p><mark style=\"background-color:rgba(0, 0, 0, 0);color:#79b530\" class=\"has-inline-color\"><strong>Professeur d&rsquo;anglais<\/strong><\/mark><\/p>\n\n\n\n<figure class=\"wp-block-table is-style-stripes\"><table><tbody><tr><td>Clarisse LETHUILLIER<\/td><\/tr><\/tbody><\/table><\/figure>\n\n\n\n<p><mark style=\"background-color:rgba(0, 0, 0, 0);color:#79b530\" class=\"has-inline-color\"><strong>Responsable garderie et cantine<\/strong><\/mark><\/p>\n\n\n\n<figure class=\"wp-block-table is-style-stripes\"><table><tbody><tr><td>Florence<\/td><\/tr><\/tbody><\/table><\/figure>\n","protected":false},"excerpt":{"rendered":"<p>L\u2019\u00e9cole Saint Joseph accueille aujourd\u2019hui 9 enseignants, 160 \u00e9l\u00e8ves de la Petite Section au CM2, dans 7 classes dont 2 &hellip; <\/p>\n","protected":false},"author":1,"featured_media":1374,"parent":0,"menu_order":0,"comment_status":"closed","ping_status":"closed","template":"","meta":{"footnotes":""},"class_list":["post-838","page","type-page","status-publish","has-post-thumbnail","hentry"],"_links":{"self":[{"href":"http:\/\/www.ecolesaintjoseph.fr\/index.php?rest_route=\/wp\/v2\/pages\/838","targetHints":{"allow":["GET"]}}],"collection":[{"href":"http:\/\/www.ecolesaintjoseph.fr\/index.php?rest_route=\/wp\/v2\/pages"}],"about":[{"href":"http:\/\/www.ecolesaintjoseph.fr\/index.php?rest_route=\/wp\/v2\/types\/page"}],"author":[{"embeddable":true,"href":"http:\/\/www.ecolesaintjoseph.fr\/index.php?rest_route=\/wp\/v2\/users\/1"}],"replies":[{"embeddable":true,"href":"http:\/\/www.ecolesaintjoseph.fr\/index.php?rest_route=%2Fwp%2Fv2%2Fcomments&post=838"}],"version-history":[{"count":12,"href":"http:\/\/www.ecolesaintjoseph.fr\/index.php?rest_route=\/wp\/v2\/pages\/838\/revisions"}],"predecessor-version":[{"id":1551,"href":"http:\/\/www.ecolesaintjoseph.fr\/index.php?rest_route=\/wp\/v2\/pages\/838\/revisions\/1551"}],"wp:featuredmedia":[{"embeddable":true,"href":"http:\/\/www.ecolesaintjoseph.fr\/index.php?rest_route=\/wp\/v2\/media\/1374"}],"wp:attachment":[{"href":"http:\/\/www.ecolesaintjoseph.fr\/index.php?rest_route=%2Fwp%2Fv2%2Fmedia&parent=838"}],"curies":[{"name":"wp","href":"https:\/\/api.w.org\/{rel}","templated":true}]}}