{"id":839,"date":"2023-10-16T21:01:20","date_gmt":"2023-10-16T20:01:20","guid":{"rendered":"http:\/\/www.ecolesaintjoseph.fr\/?page_id=839"},"modified":"2024-10-03T10:27:09","modified_gmt":"2024-10-03T09:27:09","slug":"le-mot-de-la-directrice","status":"publish","type":"page","link":"http:\/\/www.ecolesaintjoseph.fr\/?page_id=839","title":{"rendered":"Le mot de la directrice"},"content":{"rendered":"\n<p>Chers parents,<\/p>\n\n\n\n<p>Bienvenue \u00e0 l&rsquo;\u00e9cole Saint Joseph, o\u00f9 chaque enfant est reconnu dans sa singularit\u00e9. Notre mission est d\u2019\u0153uvrer au d\u00e9veloppement int\u00e9gral de chaque \u00e9l\u00e8ve, tant sur le plan intellectuel qu&rsquo;humain et spirituel.&nbsp;<\/p>\n\n\n\n<p>Forts d\u2019une tradition \u00e9ducative de plus de 300 ans h\u00e9rit\u00e9e des S\u0153urs de Saint Paul de Chartres,&nbsp; nous offrons un cadre familial, empreint de simplicit\u00e9 et de confiance,&nbsp; o\u00f9 chaque enfant peut grandir et s&rsquo;\u00e9panouir pleinement.<\/p>\n\n\n\n<p>Notre \u00e9quipe, dynamique et d\u00e9vou\u00e9e, accompagne chaque \u00e9l\u00e8ve pour l\u2019aider \u00e0 r\u00e9v\u00e9ler ses talents uniques et nourrir ses aspirations. Ensemble, cr\u00e9ons un avenir brillant pour vos enfants, o\u00f9 l&rsquo;apprentissage et la Vie s&rsquo;unissent.<\/p>\n\n\n\n<p>Rejoignez-nous dans cette aventure \u00e9ducative !<\/p>\n\n\n\n<p class=\"has-text-align-right\"><em>C\u00e9line St\u00e9pho, cheffe d\u2019\u00e9tablissement<\/em><\/p>\n","protected":false},"excerpt":{"rendered":"<p>Chers parents, Bienvenue \u00e0 l&rsquo;\u00e9cole Saint Joseph, o\u00f9 chaque enfant est reconnu dans sa singularit\u00e9. Notre mission est d\u2019\u0153uvrer au &hellip; <\/p>\n","protected":false},"author":2,"featured_media":0,"parent":0,"menu_order":0,"comment_status":"closed","ping_status":"closed","template":"","meta":{"footnotes":""},"class_list":["post-839","page","type-page","status-publish","hentry"],"_links":{"self":[{"href":"http:\/\/www.ecolesaintjoseph.fr\/index.php?rest_route=\/wp\/v2\/pages\/839","targetHints":{"allow":["GET"]}}],"collection":[{"href":"http:\/\/www.ecolesaintjoseph.fr\/index.php?rest_route=\/wp\/v2\/pages"}],"about":[{"href":"http:\/\/www.ecolesaintjoseph.fr\/index.php?rest_route=\/wp\/v2\/types\/page"}],"author":[{"embeddable":true,"href":"http:\/\/www.ecolesaintjoseph.fr\/index.php?rest_route=\/wp\/v2\/users\/2"}],"replies":[{"embeddable":true,"href":"http:\/\/www.ecolesaintjoseph.fr\/index.php?rest_route=%2Fwp%2Fv2%2Fcomments&post=839"}],"version-history":[{"count":6,"href":"http:\/\/www.ecolesaintjoseph.fr\/index.php?rest_route=\/wp\/v2\/pages\/839\/revisions"}],"predecessor-version":[{"id":1427,"href":"http:\/\/www.ecolesaintjoseph.fr\/index.php?rest_route=\/wp\/v2\/pages\/839\/revisions\/1427"}],"wp:attachment":[{"href":"http:\/\/www.ecolesaintjoseph.fr\/index.php?rest_route=%2Fwp%2Fv2%2Fmedia&parent=839"}],"curies":[{"name":"wp","href":"https:\/\/api.w.org\/{rel}","templated":true}]}}