{"id":840,"date":"2023-10-16T21:01:20","date_gmt":"2023-10-16T20:01:20","guid":{"rendered":"http:\/\/www.ecolesaintjoseph.fr\/?page_id=840"},"modified":"2024-05-20T10:42:22","modified_gmt":"2024-05-20T09:42:22","slug":"historique-de-lecole","status":"publish","type":"page","link":"http:\/\/www.ecolesaintjoseph.fr\/?page_id=840","title":{"rendered":"Historique de l&rsquo;\u00e9cole"},"content":{"rendered":"\n<p>D\u00e8s 1748, deux religieuses install\u00e9es \u00e0 l\u2019hospice de Nogent-le-Roi enseignaient aux pauvres.<\/p>\n\n\n\n<p>En 1823, Anastasie Moreau, Soeur Premi\u00e8re aupr\u00e8s des malades et Soeur Opportune aupr\u00e8s des enfants prirent leurs successions.<\/p>\n\n\n\n<p>Jour apr\u00e8s jour l\u2019oeuvre se d\u00e9veloppa et les soeurs cr\u00e9\u00e8rent successivement un pensionnat, une \u00e9cole communale, et une salle d\u2019asile &#8211; ancien terme d\u00e9signant un \u00e9tablissement destin\u00e9 \u00e0 recevoir les enfants de deux \u00e0 six ans.&nbsp;<\/p>\n\n\n\n<p>De 1861 \u00e0 1875, d\u2019abord sous la direction de Soeur B\u00e9nigne Breux puis de Soeur Saint-Paul Rousseau l\u2019\u00e9cole communale, la salle d\u2019asile et le pensionnat virent grandir leurs nombre d\u2019\u00e9l\u00e8ves. De cette p\u00e9riode charni\u00e8re, notre \u00e9cole a gard\u00e9 souvenir de Soeur Benigne Breux dont le premier orphelinat-dortoir porte le nom.<\/p>\n\n\n\n<p>De la fin du XIX\u00e8me si\u00e8cle au d\u00e9but du XX\u00e8me si\u00e8cle l\u2019Etat exigea des congr\u00e9gations religieuses, notamment enseignantes, qu\u2019elles se d\u00e9clarent afin d\u2019obtenir l\u2019autorisation de poursuivre leurs oeuvres.<\/p>\n\n\n\n<p>Au d\u00e9but du XX\u00e8me si\u00e8cle l\u2019\u00e9cole Saint-Joseph ouvrit alors ses portes \u00e0 des classes dites libres mais en 1903, Soeur Donatienne Augereau, Sup\u00e9rieure du pensionnat depuis 1887, fut contrainte de fermer l\u2019\u00e9tablissement alors en pleine prosp\u00e9rit\u00e9. &nbsp;<\/p>\n\n\n\n<p>En 1922, l\u2019\u00e9cole Saint-Joseph rouvrit ses portes sous l\u2019impulsion de Lucie Merlin avec une \u00e9cole priv\u00e9e d\u00e9di\u00e9e \u00e0 la scolarisation des petites filles de 5 \u00e0 7 ans.<\/p>\n\n\n\n<p>En 1960, la cheffe d\u2019\u00e9tablissement Yvette Frushard et le pr\u00e9sident de l\u2019AEP, (Association d\u2019Education Populaire &#8211; anc\u00eatre de l\u2019OGEC) Pierre Guilloteau firent passer l\u2019\u00e9cole Saint-Joseph du statut d\u2019\u00e9cole priv\u00e9e de filles au statut d\u2019\u00e9cole sous contrat simple avec l\u2019Etat. Depuis cette date la scolarit\u00e9 organise son enseignement par r\u00e9f\u00e9rence aux programmes de l\u2019enseignement public.<\/p>\n\n\n\n<p>Dans cette logique, la Congr\u00e9gation des Soeurs de Paul de Chartres d\u00e9cide&nbsp; en 1974 de transf\u00e9rer la charge de la direction et de la gestion de l\u2019\u00e9tablissement \u00e0 un corps administratif et enseignant issu de la fonction publique, les Soeurs restant propri\u00e9taires des locaux.<\/p>\n\n\n\n<p>C\u2019est dans cette perspective qu\u2019en 1976 une nouvelle directrice est nomm\u00e9e. Jusqu\u2019en 2006 Nadine Croenne, pr\u00e9side \u00e0 la direction de l\u2019\u00e9cole Saint-Joseph et ancre durablement l\u2019\u00e9tablissement dans son identit\u00e9 d\u2019\u00e9cole priv\u00e9e catholique avec le passage en 2002 de l\u2019\u00e9cole sous statut d\u2019association avec l\u2019Etat.&nbsp;<\/p>\n\n\n\n<p>En 2007, sous l\u2019impulsion de sa nouvelle cheffe d\u2019\u00e9tablissement Madame C\u00e9line St\u00e9pho, l\u2019\u00e9cole Saint-Joseph change de statut et passe du statut d\u2019association \u00e0 celui d\u2019\u00e9cole priv\u00e9e sous contrat, qui garantit aux parents que l\u2019enseignement dispens\u00e9 est conforme aux r\u00e8gles et aux programmes de l\u2019Education Nationale.<\/p>\n","protected":false},"excerpt":{"rendered":"<p>D\u00e8s 1748, deux religieuses install\u00e9es \u00e0 l\u2019hospice de Nogent-le-Roi enseignaient aux pauvres. En 1823, Anastasie Moreau, Soeur Premi\u00e8re aupr\u00e8s des &hellip; <\/p>\n","protected":false},"author":1,"featured_media":1279,"parent":0,"menu_order":0,"comment_status":"closed","ping_status":"closed","template":"","meta":{"footnotes":""},"class_list":["post-840","page","type-page","status-publish","has-post-thumbnail","hentry"],"_links":{"self":[{"href":"http:\/\/www.ecolesaintjoseph.fr\/index.php?rest_route=\/wp\/v2\/pages\/840","targetHints":{"allow":["GET"]}}],"collection":[{"href":"http:\/\/www.ecolesaintjoseph.fr\/index.php?rest_route=\/wp\/v2\/pages"}],"about":[{"href":"http:\/\/www.ecolesaintjoseph.fr\/index.php?rest_route=\/wp\/v2\/types\/page"}],"author":[{"embeddable":true,"href":"http:\/\/www.ecolesaintjoseph.fr\/index.php?rest_route=\/wp\/v2\/users\/1"}],"replies":[{"embeddable":true,"href":"http:\/\/www.ecolesaintjoseph.fr\/index.php?rest_route=%2Fwp%2Fv2%2Fcomments&post=840"}],"version-history":[{"count":4,"href":"http:\/\/www.ecolesaintjoseph.fr\/index.php?rest_route=\/wp\/v2\/pages\/840\/revisions"}],"predecessor-version":[{"id":1306,"href":"http:\/\/www.ecolesaintjoseph.fr\/index.php?rest_route=\/wp\/v2\/pages\/840\/revisions\/1306"}],"wp:featuredmedia":[{"embeddable":true,"href":"http:\/\/www.ecolesaintjoseph.fr\/index.php?rest_route=\/wp\/v2\/media\/1279"}],"wp:attachment":[{"href":"http:\/\/www.ecolesaintjoseph.fr\/index.php?rest_route=%2Fwp%2Fv2%2Fmedia&parent=840"}],"curies":[{"name":"wp","href":"https:\/\/api.w.org\/{rel}","templated":true}]}}