{"id":841,"date":"2023-10-16T21:01:20","date_gmt":"2023-10-16T20:01:20","guid":{"rendered":"http:\/\/www.ecolesaintjoseph.fr\/?page_id=841"},"modified":"2024-11-05T11:07:15","modified_gmt":"2024-11-05T10:07:15","slug":"les-soeurs-de-saint-paul-de-chartres","status":"publish","type":"page","link":"http:\/\/www.ecolesaintjoseph.fr\/?page_id=841","title":{"rendered":"Les Soeurs de Saint-Paul de Chartres"},"content":{"rendered":"\n<div class=\"wp-block-media-text is-stacked-on-mobile\" style=\"grid-template-columns:37% auto\"><figure class=\"wp-block-media-text__media\"><img loading=\"lazy\" decoding=\"async\" width=\"300\" height=\"300\" src=\"http:\/\/www.ecolesaintjoseph.fr\/wp-content\/uploads\/2024\/02\/LOGO-325-YEARS-FRENCH-300x300-1-1.jpg-1.webp\" alt=\"\" class=\"wp-image-1077 size-full\" srcset=\"http:\/\/www.ecolesaintjoseph.fr\/wp-content\/uploads\/2024\/02\/LOGO-325-YEARS-FRENCH-300x300-1-1.jpg-1.webp 300w, http:\/\/www.ecolesaintjoseph.fr\/wp-content\/uploads\/2024\/02\/LOGO-325-YEARS-FRENCH-300x300-1-1.jpg-1-150x150.webp 150w, http:\/\/www.ecolesaintjoseph.fr\/wp-content\/uploads\/2024\/02\/LOGO-325-YEARS-FRENCH-300x300-1-1.jpg-1-70x70.webp 70w, http:\/\/www.ecolesaintjoseph.fr\/wp-content\/uploads\/2024\/02\/LOGO-325-YEARS-FRENCH-300x300-1-1.jpg-1-246x246.webp 246w, http:\/\/www.ecolesaintjoseph.fr\/wp-content\/uploads\/2024\/02\/LOGO-325-YEARS-FRENCH-300x300-1-1.jpg-1-276x276.webp 276w, http:\/\/www.ecolesaintjoseph.fr\/wp-content\/uploads\/2024\/02\/LOGO-325-YEARS-FRENCH-300x300-1-1.jpg-1-125x125.webp 125w\" sizes=\"auto, (max-width: 300px) 100vw, 300px\" \/><\/figure><div class=\"wp-block-media-text__content\">\n<p><mark style=\"background-color:rgba(0, 0, 0, 0);color:#2fc600\" class=\"has-inline-color\"><strong>Plus de<\/strong> <\/mark><mark style=\"background-color: rgba(0, 0, 0, 0);\" class=\"has-inline-color\"><strong style=\"color: rgb(47, 198, 0);\">325 ans d&rsquo;\u00e9ducation<\/strong><\/mark><\/p>\n\n\n\n<p>\u00a0\u00bb Enracin\u00e9s dans une exp\u00e9rience depuis plus de trois si\u00e8cles, et plac\u00e9s aujourd&rsquo;hui dans le tourbillon du changement, nous sommes invit\u00e9s aupr\u00e8s de nos \u00e9l\u00e8ves \u00e0 une fid\u00e9lit\u00e9 cr\u00e9ative. \u00ab\u00a0<\/p>\n<\/div><\/div>\n\n\n<p>La congr\u00e9gation des Soeurs de Saint Paul de Chartres est le plus ancien institut missionnaire de femmes.<span class=\"Apple-converted-space\">\u00a0<\/span><\/p>\n<p>Fond\u00e9e en 1696 par l\u2019Abb\u00e9 Louis Chauvet, la premi\u00e8re communaut\u00e9 est confi\u00e9e \u00e0 Marie-Anne de Tilly avec pour mission de pr\u00e9parer quelques jeunes filles \u00e0 \u00ab\u00a0devenir de bonnes maitresses d\u2019\u00e9cole\u00a0\u00bb dans une vie donn\u00e9e \u00e0 Dieu et aux pauvres.<span class=\"Apple-converted-space\">\u00a0<\/span><\/p>\n<p>Dans la simplicit\u00e9, la pauvret\u00e9 et l\u2019audace, l\u2019oeuvre des soeurs grandit vite et c\u2019est en 1708 que l\u2019Abb\u00e9 Chauvet confie la Communaut\u00e9 \u00e0 l\u2019\u00e9v\u00eaque de Chartres Mgr Paul Godet des Marais qui lui donne le pr\u00e9nom de l\u2019ap\u00f4tre Paul.<span class=\"Apple-converted-space\">\u00a0<\/span><\/p>\n<p>Aux nombreuses \u00e9coles rurales, les soeurs diffusent rapidement bien au-del\u00e0 du dioc\u00e8se de Chartres et c\u2019est naturellement qu\u2019en 1727, tout comme St Paul, la premi\u00e8re mission part pour la Guyane.<span class=\"Apple-converted-space\">\u00a0<\/span><\/p>\n<p>Internationales depuis sa cr\u00e9ation, les Soeurs de Saint Paul de Chartres sont aujourd\u2019hui pr\u00e9sentes dans 35 pays sur les cinq continents, fid\u00e8les \u00e0 l\u2019esprit des origines : constituer une communaut\u00e9 \u00e9ducative bas\u00e9e sur des valeurs simples de r\u00e9gularit\u00e9, de simplicit\u00e9 et de travail.<span class=\"Apple-converted-space\">\u00a0<\/span><\/p>","protected":false},"excerpt":{"rendered":"<p>Plus de 325 ans d&rsquo;\u00e9ducation \u00a0\u00bb Enracin\u00e9s dans une exp\u00e9rience depuis plus de trois si\u00e8cles, et plac\u00e9s aujourd&rsquo;hui dans le &hellip; <\/p>\n","protected":false},"author":1,"featured_media":0,"parent":0,"menu_order":0,"comment_status":"closed","ping_status":"closed","template":"","meta":{"footnotes":""},"class_list":["post-841","page","type-page","status-publish","hentry"],"_links":{"self":[{"href":"http:\/\/www.ecolesaintjoseph.fr\/index.php?rest_route=\/wp\/v2\/pages\/841","targetHints":{"allow":["GET"]}}],"collection":[{"href":"http:\/\/www.ecolesaintjoseph.fr\/index.php?rest_route=\/wp\/v2\/pages"}],"about":[{"href":"http:\/\/www.ecolesaintjoseph.fr\/index.php?rest_route=\/wp\/v2\/types\/page"}],"author":[{"embeddable":true,"href":"http:\/\/www.ecolesaintjoseph.fr\/index.php?rest_route=\/wp\/v2\/users\/1"}],"replies":[{"embeddable":true,"href":"http:\/\/www.ecolesaintjoseph.fr\/index.php?rest_route=%2Fwp%2Fv2%2Fcomments&post=841"}],"version-history":[{"count":8,"href":"http:\/\/www.ecolesaintjoseph.fr\/index.php?rest_route=\/wp\/v2\/pages\/841\/revisions"}],"predecessor-version":[{"id":1504,"href":"http:\/\/www.ecolesaintjoseph.fr\/index.php?rest_route=\/wp\/v2\/pages\/841\/revisions\/1504"}],"wp:attachment":[{"href":"http:\/\/www.ecolesaintjoseph.fr\/index.php?rest_route=%2Fwp%2Fv2%2Fmedia&parent=841"}],"curies":[{"name":"wp","href":"https:\/\/api.w.org\/{rel}","templated":true}]}}