{"id":842,"date":"2023-10-16T21:01:20","date_gmt":"2023-10-16T20:01:20","guid":{"rendered":"http:\/\/www.ecolesaintjoseph.fr\/?page_id=842"},"modified":"2024-11-03T14:04:20","modified_gmt":"2024-11-03T13:04:20","slug":"lapel-saint-jospeh","status":"publish","type":"page","link":"http:\/\/www.ecolesaintjoseph.fr\/?page_id=842","title":{"rendered":"L&rsquo;APEL Saint Jospeh"},"content":{"rendered":"\n<div class=\"wp-block-media-text is-stacked-on-mobile is-vertically-aligned-center\" style=\"grid-template-columns:30% auto\"><figure class=\"wp-block-media-text__media\"><img loading=\"lazy\" decoding=\"async\" width=\"400\" height=\"400\" src=\"http:\/\/www.ecolesaintjoseph.fr\/wp-content\/uploads\/2024\/10\/Logo-rose-FB.jpg\" alt=\"\" class=\"wp-image-1430 size-full\" srcset=\"http:\/\/www.ecolesaintjoseph.fr\/wp-content\/uploads\/2024\/10\/Logo-rose-FB.jpg 400w, http:\/\/www.ecolesaintjoseph.fr\/wp-content\/uploads\/2024\/10\/Logo-rose-FB-300x300.jpg 300w, http:\/\/www.ecolesaintjoseph.fr\/wp-content\/uploads\/2024\/10\/Logo-rose-FB-150x150.jpg 150w, http:\/\/www.ecolesaintjoseph.fr\/wp-content\/uploads\/2024\/10\/Logo-rose-FB-70x70.jpg 70w, http:\/\/www.ecolesaintjoseph.fr\/wp-content\/uploads\/2024\/10\/Logo-rose-FB-246x246.jpg 246w, http:\/\/www.ecolesaintjoseph.fr\/wp-content\/uploads\/2024\/10\/Logo-rose-FB-276x276.jpg 276w, http:\/\/www.ecolesaintjoseph.fr\/wp-content\/uploads\/2024\/10\/Logo-rose-FB-125x125.jpg 125w\" sizes=\"auto, (max-width: 400px) 100vw, 400px\" \/><\/figure><div class=\"wp-block-media-text__content\">\n<p>L&rsquo;APEL est l&rsquo;Association des Parents de l&rsquo;Enseignement Libre.<\/p>\n<\/div><\/div>\n\n\n\n<p>Toutes les familles inscrites \u00e0 l&rsquo;\u00e9cole Saint Jospeh sont adh\u00e9rentes \u00e0 l&rsquo;APEL.<\/p>\n\n\n\n<p>L&rsquo;APEL oeuvre en collaboration avec l&rsquo;ensemble de l&rsquo;\u00e9quipe \u00e9ducative et la direction.<\/p>\n\n\n\n<p>L&rsquo;APEL est constitu\u00e9e d&rsquo;une \u00e9quipe de parents d&rsquo;\u00e9l\u00e8ves b\u00e9n\u00e9voles, volontaires et \u00e0 l&rsquo;\u00e9coute, au service des familles, dans un esprit constructif, efficace et en toute convivialit\u00e9.<\/p>\n\n\n\n<p>L&rsquo; \u00e9quipe de l&rsquo;APEL Saint Jospeh a \u00e9t\u00e9 renouvel\u00e9e et s&rsquo;est agrandie cette ann\u00e9e 2024, nous remercions l&rsquo;ancienne \u00e9quipe pour ces 8 ann\u00e9es pass\u00e9es au bureau et souhaitons bonne route \u00e0 la nouvelle \u00e9quipe !<\/p>\n\n\n\n<p><mark style=\"background-color:rgba(0, 0, 0, 0);color:#79b530\" class=\"has-inline-color\"><strong>Si l&rsquo;envie vous en dit, rejoignez nous : vous \u00eates les bienvenus !<\/strong><\/mark> <\/p>\n\n\n\n<p class=\"has-text-align-right\"><mark style=\"background-color:rgba(0, 0, 0, 0);color:#79b530\" class=\"has-inline-color\"><em><a href=\"https:\/\/www.facebook.com\/profile.php?id=61553872676574\">Suivre notre actualit\u00e9 <\/a><\/em><\/mark><\/p>\n\n\n\n<p><\/p>\n\n\n\n<p class=\"has-text-align-center\"><strong><span style=\"text-decoration: underline;\">BUREAU 2024-2025<\/span><\/strong><\/p>\n\n\n\n<figure class=\"wp-block-gallery has-nested-images columns-default is-cropped wp-block-gallery-1 is-layout-flex wp-block-gallery-is-layout-flex\">\n<figure class=\"wp-block-image size-large\"><a href=\"http:\/\/www.ecolesaintjoseph.fr\/wp-content\/uploads\/2024\/11\/Tiphaie-PAPILLON-1-scaled.jpg\"><img loading=\"lazy\" decoding=\"async\" width=\"768\" height=\"1024\" data-id=\"1497\" src=\"http:\/\/www.ecolesaintjoseph.fr\/wp-content\/uploads\/2024\/11\/Tiphaie-PAPILLON-1-768x1024.jpg\" alt=\"\" class=\"wp-image-1497\" srcset=\"http:\/\/www.ecolesaintjoseph.fr\/wp-content\/uploads\/2024\/11\/Tiphaie-PAPILLON-1-768x1024.jpg 768w, http:\/\/www.ecolesaintjoseph.fr\/wp-content\/uploads\/2024\/11\/Tiphaie-PAPILLON-1-225x300.jpg 225w, http:\/\/www.ecolesaintjoseph.fr\/wp-content\/uploads\/2024\/11\/Tiphaie-PAPILLON-1-1152x1536.jpg 1152w, http:\/\/www.ecolesaintjoseph.fr\/wp-content\/uploads\/2024\/11\/Tiphaie-PAPILLON-1-1536x2048.jpg 1536w, http:\/\/www.ecolesaintjoseph.fr\/wp-content\/uploads\/2024\/11\/Tiphaie-PAPILLON-1-scaled.jpg 1920w\" sizes=\"auto, (max-width: 768px) 100vw, 768px\" \/><\/a><figcaption class=\"wp-element-caption\">Tiphaine ROTTIER-PAPILLON Pr\u00e9sidente<\/figcaption><\/figure>\n\n\n\n<figure class=\"wp-block-image size-large\"><a href=\"http:\/\/www.ecolesaintjoseph.fr\/wp-content\/uploads\/2024\/11\/Aurelie-GAYEN.jpeg\"><img loading=\"lazy\" decoding=\"async\" width=\"240\" height=\"320\" data-id=\"1495\" src=\"http:\/\/www.ecolesaintjoseph.fr\/wp-content\/uploads\/2024\/11\/Aurelie-GAYEN.jpeg\" alt=\"\" class=\"wp-image-1495\" srcset=\"http:\/\/www.ecolesaintjoseph.fr\/wp-content\/uploads\/2024\/11\/Aurelie-GAYEN.jpeg 240w, http:\/\/www.ecolesaintjoseph.fr\/wp-content\/uploads\/2024\/11\/Aurelie-GAYEN-225x300.jpeg 225w\" sizes=\"auto, (max-width: 240px) 100vw, 240px\" \/><\/a><figcaption class=\"wp-element-caption\">Aur\u00e9lie GAYEN <br>Tr\u00e9sori\u00e8re<\/figcaption><\/figure>\n\n\n\n<figure class=\"wp-block-image size-large\"><a href=\"http:\/\/www.ecolesaintjoseph.fr\/wp-content\/uploads\/2024\/11\/Rachel-MERAY.jpg\"><img loading=\"lazy\" decoding=\"async\" width=\"768\" height=\"1024\" data-id=\"1498\" src=\"http:\/\/www.ecolesaintjoseph.fr\/wp-content\/uploads\/2024\/11\/Rachel-MERAY-768x1024.jpg\" alt=\"\" class=\"wp-image-1498\" srcset=\"http:\/\/www.ecolesaintjoseph.fr\/wp-content\/uploads\/2024\/11\/Rachel-MERAY-768x1024.jpg 768w, http:\/\/www.ecolesaintjoseph.fr\/wp-content\/uploads\/2024\/11\/Rachel-MERAY-225x300.jpg 225w, http:\/\/www.ecolesaintjoseph.fr\/wp-content\/uploads\/2024\/11\/Rachel-MERAY-1152x1536.jpg 1152w, http:\/\/www.ecolesaintjoseph.fr\/wp-content\/uploads\/2024\/11\/Rachel-MERAY.jpg 1200w\" sizes=\"auto, (max-width: 768px) 100vw, 768px\" \/><\/a><figcaption class=\"wp-element-caption\">Rachel MERRAY <br>Secr\u00e9taire<\/figcaption><\/figure>\n\n\n\n<figure class=\"wp-block-image size-large\"><a href=\"http:\/\/www.ecolesaintjoseph.fr\/wp-content\/uploads\/2024\/11\/Audrey-HERRY.jpg\"><img loading=\"lazy\" decoding=\"async\" width=\"738\" height=\"1024\" data-id=\"1500\" src=\"http:\/\/www.ecolesaintjoseph.fr\/wp-content\/uploads\/2024\/11\/Audrey-HERRY-738x1024.jpg\" alt=\"\" class=\"wp-image-1500\" srcset=\"http:\/\/www.ecolesaintjoseph.fr\/wp-content\/uploads\/2024\/11\/Audrey-HERRY-738x1024.jpg 738w, http:\/\/www.ecolesaintjoseph.fr\/wp-content\/uploads\/2024\/11\/Audrey-HERRY-216x300.jpg 216w, http:\/\/www.ecolesaintjoseph.fr\/wp-content\/uploads\/2024\/11\/Audrey-HERRY-768x1066.jpg 768w, http:\/\/www.ecolesaintjoseph.fr\/wp-content\/uploads\/2024\/11\/Audrey-HERRY-1107x1536.jpg 1107w, http:\/\/www.ecolesaintjoseph.fr\/wp-content\/uploads\/2024\/11\/Audrey-HERRY-1475x2048.jpg 1475w, http:\/\/www.ecolesaintjoseph.fr\/wp-content\/uploads\/2024\/11\/Audrey-HERRY.jpg 1582w\" sizes=\"auto, (max-width: 738px) 100vw, 738px\" \/><\/a><figcaption class=\"wp-element-caption\">Audrey HERRY <br>Vice Pr\u00e9sidente<\/figcaption><\/figure>\n\n\n\n<figure class=\"wp-block-image size-large\"><a href=\"http:\/\/www.ecolesaintjoseph.fr\/wp-content\/uploads\/2024\/11\/Xavier-HUON.jpg\"><img loading=\"lazy\" decoding=\"async\" width=\"225\" height=\"249\" data-id=\"1496\" src=\"http:\/\/www.ecolesaintjoseph.fr\/wp-content\/uploads\/2024\/11\/Xavier-HUON.jpg\" alt=\"\" class=\"wp-image-1496\"\/><\/a><figcaption class=\"wp-element-caption\"><strong>Xavier HUON<\/strong> <br>Vice Tr\u00e9sorier<\/figcaption><\/figure>\n\n\n\n<figure class=\"wp-block-image size-large\"><a href=\"http:\/\/www.ecolesaintjoseph.fr\/wp-content\/uploads\/2024\/11\/Margaux-LANGLOIS.jpg\"><img loading=\"lazy\" decoding=\"async\" width=\"418\" height=\"506\" data-id=\"1499\" src=\"http:\/\/www.ecolesaintjoseph.fr\/wp-content\/uploads\/2024\/11\/Margaux-LANGLOIS.jpg\" alt=\"\" class=\"wp-image-1499\" srcset=\"http:\/\/www.ecolesaintjoseph.fr\/wp-content\/uploads\/2024\/11\/Margaux-LANGLOIS.jpg 418w, http:\/\/www.ecolesaintjoseph.fr\/wp-content\/uploads\/2024\/11\/Margaux-LANGLOIS-248x300.jpg 248w\" sizes=\"auto, (max-width: 418px) 100vw, 418px\" \/><\/a><figcaption class=\"wp-element-caption\">Margaux LANGLOIS <br>Vice secr\u00e9taire<\/figcaption><\/figure>\n<\/figure>\n\n\n<div class=\"wp-block-image is-style-default\">\n<figure class=\"alignright size-full is-resized\"><a href=\"http:\/\/www.ecolesaintjoseph.fr\/wp-content\/uploads\/2024\/06\/facebook-2.png\"><img decoding=\"async\" src=\"http:\/\/www.ecolesaintjoseph.fr\/wp-content\/uploads\/2024\/06\/facebook-2.png\" alt=\"\" class=\"wp-image-1353\" style=\"width:68px;height:auto\"\/><\/a><\/figure><\/div>\n\n\n<p><\/p>\n","protected":false},"excerpt":{"rendered":"<p>L&rsquo;APEL est l&rsquo;Association des Parents de l&rsquo;Enseignement Libre. Toutes les familles inscrites \u00e0 l&rsquo;\u00e9cole Saint Jospeh sont adh\u00e9rentes \u00e0 l&rsquo;APEL. &hellip; <\/p>\n","protected":false},"author":2,"featured_media":0,"parent":0,"menu_order":0,"comment_status":"closed","ping_status":"closed","template":"","meta":{"footnotes":""},"class_list":["post-842","page","type-page","status-publish","hentry"],"_links":{"self":[{"href":"http:\/\/www.ecolesaintjoseph.fr\/index.php?rest_route=\/wp\/v2\/pages\/842","targetHints":{"allow":["GET"]}}],"collection":[{"href":"http:\/\/www.ecolesaintjoseph.fr\/index.php?rest_route=\/wp\/v2\/pages"}],"about":[{"href":"http:\/\/www.ecolesaintjoseph.fr\/index.php?rest_route=\/wp\/v2\/types\/page"}],"author":[{"embeddable":true,"href":"http:\/\/www.ecolesaintjoseph.fr\/index.php?rest_route=\/wp\/v2\/users\/2"}],"replies":[{"embeddable":true,"href":"http:\/\/www.ecolesaintjoseph.fr\/index.php?rest_route=%2Fwp%2Fv2%2Fcomments&post=842"}],"version-history":[{"count":26,"href":"http:\/\/www.ecolesaintjoseph.fr\/index.php?rest_route=\/wp\/v2\/pages\/842\/revisions"}],"predecessor-version":[{"id":1503,"href":"http:\/\/www.ecolesaintjoseph.fr\/index.php?rest_route=\/wp\/v2\/pages\/842\/revisions\/1503"}],"wp:attachment":[{"href":"http:\/\/www.ecolesaintjoseph.fr\/index.php?rest_route=%2Fwp%2Fv2%2Fmedia&parent=842"}],"curies":[{"name":"wp","href":"https:\/\/api.w.org\/{rel}","templated":true}]}}