{"id":843,"date":"2023-10-16T21:01:20","date_gmt":"2023-10-16T20:01:20","guid":{"rendered":"http:\/\/www.ecolesaintjoseph.fr\/?page_id=843"},"modified":"2026-01-23T11:00:35","modified_gmt":"2026-01-23T10:00:35","slug":"logec-saint-joseph","status":"publish","type":"page","link":"http:\/\/www.ecolesaintjoseph.fr\/?page_id=843","title":{"rendered":"L&rsquo;OGEC Saint Joseph"},"content":{"rendered":"\n<div class=\"wp-block-media-text is-stacked-on-mobile is-image-fill-element\" style=\"grid-template-columns:30% auto\"><figure class=\"wp-block-media-text__media\"><img loading=\"lazy\" decoding=\"async\" width=\"150\" height=\"150\" src=\"http:\/\/www.ecolesaintjoseph.fr\/wp-content\/uploads\/2015\/04\/LOGO-FNOGEC-150x150.png\" alt=\"\" class=\"wp-image-828 size-thumbnail\" style=\"object-position:50% 50%\" srcset=\"http:\/\/www.ecolesaintjoseph.fr\/wp-content\/uploads\/2015\/04\/LOGO-FNOGEC-150x150.png 150w, http:\/\/www.ecolesaintjoseph.fr\/wp-content\/uploads\/2015\/04\/LOGO-FNOGEC-70x70.png 70w, http:\/\/www.ecolesaintjoseph.fr\/wp-content\/uploads\/2015\/04\/LOGO-FNOGEC-125x125.png 125w\" sizes=\"auto, (max-width: 150px) 100vw, 150px\" \/><\/figure><div class=\"wp-block-media-text__content\">\n<p class=\"has-text-color\" style=\"color:#000000ab\">F\u00e9d\u00e9ration des Organismes de Gestion de l&rsquo;Ecole Catholique<\/p>\n<\/div><\/div>\n\n\n<p>L&rsquo;\u00e9cole Saint Joseph fonctionne, comme tout \u00e9tablissement catholique priv\u00e9 sous contrat avec l&rsquo;\u00e9tat de fa\u00e7on libre et ind\u00e9pendante.<\/p>\n<p>Libre d&rsquo;harmoniser sa vie scolaire comme elle le souhaite, libre de mener des projets qui lui correspondent, libre d&rsquo;innover et d&#8217;employer ses propres m\u00e9thodes d&rsquo;apprentissage.<\/p>\n<p>Ind\u00e9pendante financi\u00e8rement et p\u00e9dagogiquement, l&rsquo;\u00e9cole Saint Joseph fait partie de l&rsquo;ensemble des \u00e9tablissements catholiques d&rsquo;enseignement du Dioc\u00e8se de Chartres. L&rsquo;\u00e9tat r\u00e9mun\u00e8re les enseignants et veille \u00e0 la s\u00e9curit\u00e9 des enfants et \u00e0 l&rsquo;application des programmes officiels.<\/p>\n<p>L&rsquo;OGEC est l&rsquo;organisme de gestion repr\u00e9sentant la personne morale responsable de l&rsquo;\u00e9tablissement (locaux, mat\u00e9riel et personnel non enseignant de l&rsquo;\u00e9cole), lui conf\u00e9rant ainsi une existence juridique.<\/p>\n<p>L&rsquo;OGEC Saint Joseph est compos\u00e9 de b\u00e9n\u00e9voles ayant la charge du d\u00e9veloppement de l&rsquo;\u00e9tablissement :<\/p>\n<ul>\n<li>les membres de droit : le repr\u00e9sentant de tutelle, le repr\u00e9sentant de l&rsquo;UDOGEC (Union D\u00e9partementale des OGEC), la pr\u00e9sidente de l&rsquo;APEL (Association des Parents d&rsquo;Enseignement Libre) Mme Typhaine ROTTIER-PAPILLON.<\/li>\n<li>de membres \u00e9lus pour 3 ans\u00a0<\/li>\n<li>de la cheffe d&rsquo;\u00e9tablissement, Mme C\u00e9line Stepho<\/li>\n<\/ul>\n<p>Le pr\u00e9sident de l&rsquo;OGEC Saint Joseph est M. C\u00e9dric BARRON.<\/p>","protected":false},"excerpt":{"rendered":"<p>F\u00e9d\u00e9ration des Organismes de Gestion de l&rsquo;Ecole Catholique L&rsquo;\u00e9cole Saint Joseph fonctionne, comme tout \u00e9tablissement catholique priv\u00e9 sous contrat avec &hellip; <\/p>\n","protected":false},"author":2,"featured_media":0,"parent":0,"menu_order":0,"comment_status":"closed","ping_status":"closed","template":"","meta":{"footnotes":""},"class_list":["post-843","page","type-page","status-publish","hentry"],"_links":{"self":[{"href":"http:\/\/www.ecolesaintjoseph.fr\/index.php?rest_route=\/wp\/v2\/pages\/843","targetHints":{"allow":["GET"]}}],"collection":[{"href":"http:\/\/www.ecolesaintjoseph.fr\/index.php?rest_route=\/wp\/v2\/pages"}],"about":[{"href":"http:\/\/www.ecolesaintjoseph.fr\/index.php?rest_route=\/wp\/v2\/types\/page"}],"author":[{"embeddable":true,"href":"http:\/\/www.ecolesaintjoseph.fr\/index.php?rest_route=\/wp\/v2\/users\/2"}],"replies":[{"embeddable":true,"href":"http:\/\/www.ecolesaintjoseph.fr\/index.php?rest_route=%2Fwp%2Fv2%2Fcomments&post=843"}],"version-history":[{"count":6,"href":"http:\/\/www.ecolesaintjoseph.fr\/index.php?rest_route=\/wp\/v2\/pages\/843\/revisions"}],"predecessor-version":[{"id":1550,"href":"http:\/\/www.ecolesaintjoseph.fr\/index.php?rest_route=\/wp\/v2\/pages\/843\/revisions\/1550"}],"wp:attachment":[{"href":"http:\/\/www.ecolesaintjoseph.fr\/index.php?rest_route=%2Fwp%2Fv2%2Fmedia&parent=843"}],"curies":[{"name":"wp","href":"https:\/\/api.w.org\/{rel}","templated":true}]}}