{"id":845,"date":"2023-10-16T21:01:20","date_gmt":"2023-10-16T20:01:20","guid":{"rendered":"http:\/\/www.ecolesaintjoseph.fr\/?page_id=845"},"modified":"2024-02-08T12:07:55","modified_gmt":"2024-02-08T11:07:55","slug":"inscription","status":"publish","type":"page","link":"http:\/\/www.ecolesaintjoseph.fr\/?page_id=845","title":{"rendered":"Inscriptions"},"content":{"rendered":"\n<p>La visite de&nbsp;notre site vous a convaincu et vous vous souhaitez inscrire votre enfant&nbsp;\u00e0 l\u2019\u00e9cole Saint-Joseph de Nogent-le-roi.<\/p>\n\n\n\n<p>Vous trouverez ci-dessous le d\u00e9tail des d\u00e9marches \u00e0 suivre pour formaliser son inscription.&nbsp;<\/p>\n\n\n\n<hr class=\"wp-block-separator has-alpha-channel-opacity\"\/>\n\n\n\n<h4 class=\"wp-block-heading\"><mark style=\"background-color:rgba(0, 0, 0, 0);color:#79b530\" class=\"has-inline-color\">1\u00e8re \u00e9tape : Entretien de pr\u00e9-inscription\u00a0<\/mark><\/h4>\n\n\n\n<p>Contacter notre Secr\u00e9tariat-Accueil au +0033 (0)2 37 51 42 11 pour un premier rendez-vous avec notre cheffe d\u2019\u00e9tablissement Mme STEPHO<\/p>\n\n\n\n<p>Ou&nbsp;<\/p>\n\n\n\n<p>Envoyer votre votre demande par mail \u00e0 : &nbsp;<a class=\"\" href=\"mailto:ecole.sjnr.28@wanadoo.fr\">ecole.sjnr.28@wanadoo.fr<\/a><\/p>\n\n\n\n<p>L\u2019accueil de l\u2019\u00e9cole est ouvert les lundi, mardi, jeudi et vendredi de 8h30 \u00e0 17h30. &nbsp;<\/p>\n\n\n\n<h4 class=\"wp-block-heading\"><mark style=\"background-color:rgba(0, 0, 0, 0);color:#79b530\" class=\"has-inline-color\">2\u00e8me \u00e9tape : retour de dossier lorsque la candidature est accept\u00e9e\u00a0<\/mark><\/h4>\n\n\n\n<p>Retourner le dossier complet remis par notre cheffe&nbsp;d\u2019\u00e9tablissement&nbsp;lors de votre entretien par courrier \u00e0 l\u2019adresse suivante :&nbsp;<\/p>\n\n\n\n<p>ECOLE SAINT-JOSEPH<\/p>\n\n\n\n<p>12 place de la Volaille&nbsp;<\/p>\n\n\n\n<p>28210 NOGENT-LE-ROI&nbsp;<\/p>\n\n\n\n<p>Un dossier complet se compose &nbsp;:&nbsp;<\/p>\n\n\n\n<ul class=\"wp-block-list\">\n<li>1 fiche individuelle de renseignements d\u00fbment compl\u00e9t\u00e9e&nbsp;<\/li>\n\n\n\n<li>1 copie de la page de vaccination du carnet de sant\u00e9 de votre enfant<\/li>\n\n\n\n<li>1 photocopie du livret de&nbsp;famille \u2013 page enfant concern\u00e9 + parents. &nbsp;<\/li>\n\n\n\n<li>1 ch\u00e8que d\u2019acompte de 50\u20ac pour valider l\u2019inscription (d\u00e9duit de la 1\u00e8re facture)<\/li>\n\n\n\n<li>1 IBAN si vous souhaitez adh\u00e9rer au pr\u00e9l\u00e8vement mensuel<\/li>\n<\/ul>\n\n\n\n<p><strong>Pour les \u00e9l\u00e8ves d\u00e9j\u00e0 scolaris\u00e9s dans un autre \u00e9tablissement : le certificat de radiation ainsi que le livret&nbsp;personnel de comp\u00e9tences de l\u2019ann\u00e9e pr\u00e9c\u00e9dente et de l\u2019ann\u00e9e en cours<\/strong><\/p>\n\n\n\n<h4 class=\"wp-block-heading\"><mark style=\"background-color:rgba(0, 0, 0, 0);color:#79b530\" class=\"has-inline-color\">3\u00e8me \u00e9tape : Confirmation de l\u2019inscription<\/mark><\/h4>\n\n\n\n<p>Une confirmation d\u2019inscription vous sera envoy\u00e9es une fois votre dossier complet.<\/p>\n\n\n\n<p>Un&nbsp;certificat de radiation&nbsp;(\u00e9tabli par l\u2019\u00e9cole d\u2019origine pour les enfants d\u00e9j\u00e0 scolaris\u00e9s)&nbsp;sera&nbsp;\u00e0 fournir en fin d\u2019ann\u00e9e scolaire.<\/p>\n","protected":false},"excerpt":{"rendered":"<p>La visite de&nbsp;notre site vous a convaincu et vous vous souhaitez inscrire votre enfant&nbsp;\u00e0 l\u2019\u00e9cole Saint-Joseph de Nogent-le-roi. Vous trouverez &hellip; <\/p>\n","protected":false},"author":1,"featured_media":0,"parent":0,"menu_order":0,"comment_status":"closed","ping_status":"closed","template":"","meta":{"footnotes":""},"class_list":["post-845","page","type-page","status-publish","hentry"],"_links":{"self":[{"href":"http:\/\/www.ecolesaintjoseph.fr\/index.php?rest_route=\/wp\/v2\/pages\/845","targetHints":{"allow":["GET"]}}],"collection":[{"href":"http:\/\/www.ecolesaintjoseph.fr\/index.php?rest_route=\/wp\/v2\/pages"}],"about":[{"href":"http:\/\/www.ecolesaintjoseph.fr\/index.php?rest_route=\/wp\/v2\/types\/page"}],"author":[{"embeddable":true,"href":"http:\/\/www.ecolesaintjoseph.fr\/index.php?rest_route=\/wp\/v2\/users\/1"}],"replies":[{"embeddable":true,"href":"http:\/\/www.ecolesaintjoseph.fr\/index.php?rest_route=%2Fwp%2Fv2%2Fcomments&post=845"}],"version-history":[{"count":5,"href":"http:\/\/www.ecolesaintjoseph.fr\/index.php?rest_route=\/wp\/v2\/pages\/845\/revisions"}],"predecessor-version":[{"id":986,"href":"http:\/\/www.ecolesaintjoseph.fr\/index.php?rest_route=\/wp\/v2\/pages\/845\/revisions\/986"}],"wp:attachment":[{"href":"http:\/\/www.ecolesaintjoseph.fr\/index.php?rest_route=%2Fwp%2Fv2%2Fmedia&parent=845"}],"curies":[{"name":"wp","href":"https:\/\/api.w.org\/{rel}","templated":true}]}}