{"id":846,"date":"2023-10-16T21:01:20","date_gmt":"2023-10-16T20:01:20","guid":{"rendered":"http:\/\/www.ecolesaintjoseph.fr\/?page_id=846"},"modified":"2024-03-12T09:48:30","modified_gmt":"2024-03-12T08:48:30","slug":"reglement-interieur-de-lecole","status":"publish","type":"page","link":"http:\/\/www.ecolesaintjoseph.fr\/?page_id=846","title":{"rendered":"R\u00e8glement int\u00e9rieur de l&rsquo;\u00e9cole"},"content":{"rendered":"<p><span style=\"color: #2fc600;\"><strong>1. Vie de l&rsquo;\u00e9cole<\/strong><\/span><\/p>\n<div class=\"page\" title=\"Page 1\">\n<div class=\"section\">\n<div class=\"layoutArea\">\n<div class=\"column\">\n<p><span style=\"color: #333333;\"><span style=\"text-decoration: underline;\">Jours et horaires de classe<\/span> : lundi-mardi-jeudi-vendredi, 8h45-11h45 \/ 13h30 \u2013 16h30<\/span><br \/>\n<span style=\"color: #333333;\">Les \u00e9l\u00e8ves sont accueillis sur la cour de r\u00e9cr\u00e9ation 1\u20444 d\u2019heure avant la classe, soit \u00e0 partir de 8H30 et 13H15. Garderies : \u00e0 partir de 7h30 le matin, et jusqu\u2019\u00e0 18h30 le soir.<\/span><br \/>\n<span style=\"color: #333333;\">L\u2019\u00e9cole adapte son calendrier annuel \u00e0 ses projets. Le calendrier officiel est distribu\u00e9 en d\u00e9but d\u2019ann\u00e9e.<\/span><\/p>\n<p><span style=\"color: #333333;\"><span style=\"text-decoration: underline;\">Retards<\/span> : Le respect des horaires de d\u00e9but et de fin des classes est indispensable au bon d\u00e9roulement de la classe m\u00eame pour les enfants des classes maternelles. Les retards r\u00e9p\u00e9t\u00e9s pourront entra\u00eener une retenue de l\u2019\u00e9l\u00e8ve au secr\u00e9tariat jusqu\u2019\u00e0 l\u2019heure de la r\u00e9cr\u00e9ation.<\/span><\/p>\n<p><span style=\"color: #333333;\"><strong>Stationnement : Aux heures d\u2019entr\u00e9e et de sortie de classe, pour des raisons de s\u00e9curit\u00e9, il est strictement interdit de stationner sur la place de la Volaille. Les familles sont pri\u00e9es de se garer sur les parkings \u00e0 proximit\u00e9 et d\u2019accompagner et de venir chercher les enfants \u00e0 pieds, jusqu\u2019au portail.<\/strong><\/span><\/p>\n<p><span style=\"color: #333333;\"><span style=\"text-decoration: underline;\">Fr\u00e9quentation scolaire<\/span> : La cheffe d\u2019\u00e9tablissement est garante de la fr\u00e9quentation scolaire aupr\u00e8s de l\u2019Inspecteur d\u2019Acad\u00e9mie \u00e0 qui toute absence injustifi\u00e9e est signal\u00e9e.<\/span><br \/>\n<span style=\"color: #333333;\">Tout \u00e9l\u00e8ve inscrit, quelle que soit sa classe, doit fr\u00e9quenter l\u2019\u00e9cole avec assiduit\u00e9.<\/span><br \/>\n<span style=\"color: #333333;\">Le calendrier officiel de l\u2019\u00e9cole, diff\u00e9rent du calendrier acad\u00e9mique, est donn\u00e9 en d\u00e9but d\u2019ann\u00e9e scolaire. Les parents s\u2019engagent \u00e0 le respecter. Les samedis travaill\u00e9s sont obligatoires.<\/span><\/p>\n<p><span style=\"color: #333333;\"><span style=\"text-decoration: underline;\">Absences<\/span> : L\u2019\u00e9cole doit \u00eatre pr\u00e9venue de toute absence, et ce avant 10H, par t\u00e9l\u00e9phone ou mail. \u00c0 son retour l\u2019\u00e9l\u00e8ve doit remettre un \u00ab justificatif d\u2019absence \u00bb (bulletins pr\u00e9-remplis dans le cahier de correspondances) et si besoin un certificat m\u00e9dical, qui seront conserv\u00e9s par l\u2019enseignant. Pour une absence pr\u00e9visible, une demande \u00e9crite doit \u00eatre adress\u00e9e \u00e0 la cheffe d\u2019\u00e9tablissement.<\/span><\/p>\n<p><span style=\"color: #333333;\"><span style=\"text-decoration: underline;\">Garderies<\/span> : Tout enfant \u00e0 l\u2019\u00e9cole avant 8h30 et apr\u00e8s 16h45 doit \u00eatre en garderie\/ \u00e9tude, ce qui fera l\u2019objet d\u2019une facturation. Les absences de la garderie \/ \u00e9tude doivent \u00eatre signal\u00e9es.<\/span><\/p>\n<p><span style=\"color: #333333;\"><span style=\"text-decoration: underline;\">Education et conduite<\/span> : Nous souhaitons une discipline accept\u00e9e et non subie. Un comportement et un langage corrects sont exig\u00e9s pour tous les \u00e9l\u00e8ves. La tenue vestimentaire doit \u00eatre correcte et adapt\u00e9e \u00e0 la vie scolaire, m\u00eame \u00e0 la belle saison. Tout v\u00eatement susceptible d\u2019\u00eatre quitt\u00e9 doit \u00eatre marqu\u00e9 au nom de l\u2019enfant et ce, dans toutes les classes.<\/span><\/p>\n<p><span style=\"color: #333333;\">L\u2018emploi du temps des classes \u00e9l\u00e9mentaires pr\u00e9voit des heures d\u2019Education Physique et Sportive. Une tenue de sport est donc obligatoire. Seuls les enfants ayant produit un certificat m\u00e9dical de contre-indication peuvent \u00eatre dispens\u00e9s d\u2019E.P.S.<\/span><br \/>\n<span style=\"color: #333333;\">Il est interdit d\u2019introduire \u00e0 l\u2019\u00e9cole tout objet susceptible d\u2019occasionner des blessures : briquet, canifs&#8230;<\/span><\/p>\n<p><span style=\"color: #333333;\">Les t\u00e9l\u00e9phones portables, lecteur MP3, jeux vid\u00e9o sont formellement interdits. L\u2019\u00e9cole d\u00e9cline toute responsabilit\u00e9 en cas de perte ou d\u00e9t\u00e9rioration de tout objet de valeur.<\/span><\/p>\n<p><span style=\"color: #333333;\"><span style=\"text-decoration: underline;\">Sanctions<\/span> : Le non respect des r\u00e8gles disciplinaires exprim\u00e9es dans la charte de l\u2019\u00e9l\u00e8ve, expos\u00e9e aux \u00e9l\u00e8ves \u00e0\u00a0chaque rentr\u00e9e, pourra entra\u00eener des sanctions proportionnelles \u00e0 la gravit\u00e9 de la faute commise. Ces sanctions pourront \u00eatre la privation partielle de r\u00e9cr\u00e9ation, l\u2019ex\u00e9cution d\u2019un travail suppl\u00e9mentaire, l\u2019exclusion de l\u2019\u00e9l\u00e8ve dans une autre classe, la retenue apr\u00e8s les heures de classe. En cas de faute grave et\/ ou r\u00e9p\u00e9t\u00e9e, l\u2019exclusion temporaire ou d\u00e9finitive pourra \u00eatre prononc\u00e9e par la cheffe d\u2019\u00e9tablissement.<\/span><\/p>\n<p><span style=\"color: #2fc600;\"><strong>2. Relation avec les familles<\/strong><\/span><\/p>\n<p><span style=\"color: #333333;\">La p\u00e9dagogie est sous la responsabilit\u00e9 de la cheffe d\u2019\u00e9tablissement et de son \u00e9quipe p\u00e9dagogique. Toute famille qui inscrit son enfant \u00e0 l\u2019\u00e9cole Saint Joseph y adh\u00e8re.<\/span><\/p>\n<p><span style=\"color: #333333;\"><span style=\"text-decoration: underline;\">Rencontres Parents-Enseignants :<\/span> Des contacts r\u00e9guliers entre les parents et les enseignants sont indispensables \u00e0 une bonne connaissance des enfants. A cette fin, les membres de l\u2019\u00e9quipe enseignante vous proposeront des r\u00e9unions de classe et seront \u00e0 votre disposition sur rendez-vous, essentiellement en dehors des heures de classe.<\/span><\/p>\n<p><span style=\"color: #333333;\"><span style=\"text-decoration: underline;\">Cahier de correspondance<\/span><span style=\"font-size: revert;\"> : Toute information \u00e9manant de l\u2019\u00e9cole, coll\u00e9e dans le cahier de correspondance, devra \u00eatre sign\u00e9e par les parents (seul moyen pour l\u2019enseignante de s\u2019assurer que les parents ont lu le mot qui leur \u00e9tait destin\u00e9).<\/span><\/span><\/p>\n<p><span style=\"color: #333333;\"><span style=\"text-decoration: underline;\">Internet et r\u00e9seaux<\/span><span style=\"font-size: revert;\"> :\u00a0L\u2019\u00e9cole a une page Facebook \u00ab\u00a0Saint Jo\u00a0\u00bb et un compte Instagram (www.facebook.com\/saintjosephnogentleroi) &#8211; (www.instagram.com\/ecole_saint_joseph\/) sur lesquelles vous pouvez suivre le quotidien des classes, les projets et les grands \u00e9v\u00e8nements de la vie de l\u2019\u00e9cole: abonnez-vous pour rester inform\u00e9s !<\/span><\/span><\/p>\n<p><span style=\"color: #333333;\"><span style=\"text-decoration: underline;\">Autorit\u00e9 parentale<\/span><span style=\"font-size: revert;\"> : En application aux dispositions de l\u2019article 374 du code civil, en l\u2019absence de d\u00e9claration conjointe d\u2019exercice en commun de l\u2019autorit\u00e9 parentale ou d\u2019une d\u00e9cision judiciaire, un parent ne peut obtenir communication des r\u00e9sultats scolaires de son enfant s\u2019il n\u2019exerce pas l\u2019autorit\u00e9 parentale.<\/span><\/span><\/p>\n<p><strong style=\"color: #2fc600; font-size: revert;\">3. Hygi\u00e8ne \u2013 Sant\u00e9<\/strong><\/p>\n<p><span style=\"color: #333333;\"><span style=\"font-size: revert;\"><span style=\"text-decoration: underline;\">Poux<\/span> :\u00a0<\/span><span style=\"font-size: revert;\">Pour \u00e9viter une invasion de poux et lentes, un traitement pr\u00e9ventif est indispensable. En cas de parasites d\u00e9cel\u00e9s, merci de nous alerter rapidement.<\/span><\/span><\/p>\n<p><span style=\"color: #333333;\"><strong style=\"font-size: revert;\"><span style=\"font-size: revert;\">Les m\u00e9dicaments quels qu\u2019ils soient ne peuvent en aucun cas \u00eatre confi\u00e9s aux enfants.<\/span><\/strong><\/span><\/p>\n<p><span style=\"color: #333333;\"><strong style=\"font-size: revert;\"><span style=\"font-size: revert;\">Si un enfant doit suivre un traitement ponctuellement, vous devez fournir \u00e0 l\u2019enseignant ou \u00e0 la responsable de la cantine une autorisation \u00e9crite accompagn\u00e9e de l\u2019ordonnance ou de sa photocopie.<\/span><\/strong><\/span><\/p>\n<p><span style=\"color: #333333;\"><strong style=\"font-size: revert;\"><span style=\"font-size: revert;\">Un PAI doit \u00eatre mis en place pour toute maladie chronique ou allergie pouvant n\u00e9cessiter une prise en charge particuli\u00e8re ou la d\u00e9livrance de m\u00e9dicament \u00e0 l\u2019\u00e9cole. Il est renouvel\u00e9 chaque ann\u00e9e.<\/span><\/strong><\/span><\/p>\n<p><strong style=\"color: #2fc600; font-size: revert;\">4. Administration<\/strong><\/p>\n<p><span style=\"font-size: revert; color: #333333;\">Pour toute correspondance, une adresse e-mail est \u00e0 votre disposition : ecole.sjnr.28@wanadoo.fr<\/span><\/p>\n<p style=\"padding-left: 40px;\"><strong style=\"color: #333333; font-size: revert;\">Mme STEPHO<\/strong><span style=\"color: #333333; font-size: revert;\">, cheffe d\u2019\u00e9tablissement, re\u00e7oit uniquement sur rendez-vous.<\/span><\/p>\n<p style=\"padding-left: 40px;\"><strong style=\"color: #333333; font-size: revert;\">Mme POIRIER<\/strong><span style=\"color: #333333; font-size: revert;\">, comptable, intervient \u00e0 l\u2019\u00e9cole tous les 15 jours, pour la partie facturation.<\/span><\/p>\n<p><span style=\"text-decoration: underline;\">Restaurant scolaire<\/span><span style=\"color: #333333; font-size: revert;\"> :<\/span><\/p>\n<p><span style=\"color: #333333; font-size: revert;\">Demi-pensionnaire : le forfait de demi-pension est calcul\u00e9 sur le nombre de repas pris au restaurant\u00a0scolaire dans l\u2019ann\u00e9e et ne prend pas en compte les pique-niques \u00e0 fournir lors des sorties scolaires.<\/span><\/p>\n<p><span style=\"color: #333333; font-size: revert;\">Toute demande de remboursement en cas d\u2019absence prolong\u00e9e, et uniquement pour raison m\u00e9dicale, doit faire l\u2019objet d\u2019une demande \u00e9crite adress\u00e9e \u00e0 la comptabilit\u00e9, avec un justificatif. La premi\u00e8re semaine\u00a0d\u2019absence ne pourra \u00eatre rembours\u00e9e.<\/span><\/p>\n<p><span style=\"color: #333333; font-size: revert;\">Les enfants b\u00e9n\u00e9ficiant de PAI pour allergie alimentaire peuvent d\u00e9jeuner \u00e0 la cantine en fournissant\u00a0un panier repas. Un forfait annuel de 85 \u20ac, soit 8,50 \u20ac\/mois est alors demand\u00e9.<\/span><\/p>\n<p><span style=\"color: #333333; font-size: revert;\">Votre enfant doit obligatoirement \u00eatre inscrit \u00e0 la cantine 48 heures \u00e0 l\u2019avance pour la commande des repas (le mercredi, le samedi et le dimanche ne comptent pas comme jour de classe).<\/span><\/p>\n<p><span style=\"text-decoration: underline;\">Garderie\/ Etude<\/span><span style=\"color: #333333; font-size: revert;\"> : Pour une garderie occasionnelle, il est possible d\u2019inscrire les enfants le jour-m\u00eame. Horaires de garderie : matin, 7h30 &#8211; 8h30 et soir, 16h45 &#8211; 18h30.<\/span><\/p>\n<p><span style=\"text-decoration: underline;\">R\u00e8glements<\/span><span style=\"color: #333333; font-size: revert;\"> : Les garderies et cantines occasionnelles sont factur\u00e9es en fin de mois, payables le mois suivant. Une facture compl\u00e9mentaire mentionnant les services consomm\u00e9s est alors envoy\u00e9e par mail.<\/span><\/p>\n<p><strong style=\"color: #333333; font-size: revert;\">Vous confiez un r\u00e8glement \u00e0 votre enfant, prenez soin de le mettre sous enveloppe et d\u2019y inscrire le NOM et la CLASSE, ainsi que l\u2019objet du r\u00e8glement.<\/strong><\/p>\n<p><strong style=\"color: #333333; font-size: revert;\">Les r\u00e8glements en esp\u00e8ces doivent \u00eatre effectu\u00e9s au secr\u00e9tariat de la main \u00e0 la main o\u00f9 un re\u00e7u vous sera fourni.<\/strong><\/p>\n<\/div>\n<\/div>\n<\/div>\n<\/div>\n","protected":false},"excerpt":{"rendered":"<p>1. Vie de l&rsquo;\u00e9cole Jours et horaires de classe : lundi-mardi-jeudi-vendredi, 8h45-11h45 \/ 13h30 \u2013 16h30 Les \u00e9l\u00e8ves sont accueillis &hellip; <\/p>\n","protected":false},"author":2,"featured_media":0,"parent":0,"menu_order":0,"comment_status":"closed","ping_status":"closed","template":"","meta":{"footnotes":""},"class_list":["post-846","page","type-page","status-publish","hentry"],"_links":{"self":[{"href":"http:\/\/www.ecolesaintjoseph.fr\/index.php?rest_route=\/wp\/v2\/pages\/846","targetHints":{"allow":["GET"]}}],"collection":[{"href":"http:\/\/www.ecolesaintjoseph.fr\/index.php?rest_route=\/wp\/v2\/pages"}],"about":[{"href":"http:\/\/www.ecolesaintjoseph.fr\/index.php?rest_route=\/wp\/v2\/types\/page"}],"author":[{"embeddable":true,"href":"http:\/\/www.ecolesaintjoseph.fr\/index.php?rest_route=\/wp\/v2\/users\/2"}],"replies":[{"embeddable":true,"href":"http:\/\/www.ecolesaintjoseph.fr\/index.php?rest_route=%2Fwp%2Fv2%2Fcomments&post=846"}],"version-history":[{"count":17,"href":"http:\/\/www.ecolesaintjoseph.fr\/index.php?rest_route=\/wp\/v2\/pages\/846\/revisions"}],"predecessor-version":[{"id":1164,"href":"http:\/\/www.ecolesaintjoseph.fr\/index.php?rest_route=\/wp\/v2\/pages\/846\/revisions\/1164"}],"wp:attachment":[{"href":"http:\/\/www.ecolesaintjoseph.fr\/index.php?rest_route=%2Fwp%2Fv2%2Fmedia&parent=846"}],"curies":[{"name":"wp","href":"https:\/\/api.w.org\/{rel}","templated":true}]}}