{"id":847,"date":"2023-10-16T21:01:20","date_gmt":"2023-10-16T20:01:20","guid":{"rendered":"http:\/\/www.ecolesaintjoseph.fr\/?page_id=847"},"modified":"2025-08-07T09:08:40","modified_gmt":"2025-08-07T08:08:40","slug":"reglement-financier","status":"publish","type":"page","link":"http:\/\/www.ecolesaintjoseph.fr\/?page_id=847","title":{"rendered":"R\u00e8glement financier &#8211; Ann\u00e9e 2024 \/ 2025"},"content":{"rendered":"\n<h4 class=\"wp-block-heading\"><mark style=\"background-color:rgba(0, 0, 0, 0);color:#2fc600\" class=\"has-inline-color\">Charges mensuelles <\/mark>(annualis\u00e9es &#8211; 10 mensualit\u00e9s, d&rsquo;octobre 2024 \u00e0 juillet 2025)&nbsp;<\/h4>\n\n\n\n<p><mark style=\"background-color:rgba(0, 0, 0, 0);color:#2fc600\" class=\"has-inline-color\">Contribution par enfant<\/mark><\/p>\n\n\n\n<figure class=\"wp-block-table is-style-stripes\"><table><tbody><tr><td>Contribution 1er enfant<\/td><td><\/td><td>79,00 \u20ac<\/td><\/tr><tr><td>Pour le 2\u00e8me enfant <\/td><td>&#8211; 10 %<\/td><td>71,10 \u20ac<\/td><\/tr><tr><td>Pour le 3\u00e8me enfant<\/td><td>&#8211; 20 %<\/td><td>63,20 \u20ac<\/td><\/tr><tr><td>Pour le 4\u00e8me enfant<\/td><td>&#8211; 50 %<\/td><td>39,50 \u20ac<\/td><\/tr><\/tbody><\/table><\/figure>\n\n\n\n<p><span style=\"text-decoration: underline;\">Parrainage <\/span>: remise de 10% sur votre 1\u00e8re contribution si vous parrainez une nouvelle famille (offre cumulable si vous parrainez plusieurs familles).<\/p>\n\n\n\n<p><span style=\"text-decoration: underline;\">Fournitures <\/span>: Les fournitures p\u00e9dagogiques (fichiers, album de litt\u00e9rature de jeunesse, etc.) feront l&rsquo;objet d&rsquo;une facturation suppl\u00e9mentaire.<\/p>\n\n\n\n<p><span style=\"text-decoration: underline;\">Activit\u00e9s :<\/span> Une participation pourra \u00eatre demand\u00e9e pour les diverses activit\u00e9s p\u00e9dagogiques (spectacle, visite de mus\u00e9e, &#8230;).<\/p>\n\n\n\n<p><mark style=\"background-color:rgba(0, 0, 0, 0);color:#2fc600\" class=\"has-inline-color\">Demi-pension <\/mark><\/p>\n\n\n\n<p>Sommes forfaitaires &#8211;<strong><span style=\"text-decoration: underline;\"><em> jours fixes<\/em><\/span><\/strong> &#8211; pique nique non fourni lors des sorties scolaires.<\/p>\n\n\n\n<figure class=\"wp-block-table is-style-stripes\"><table><tbody><tr><td>4 jours \/ semaine<\/td><td>76,00 \u20ac<\/td><\/tr><tr><td>3 jours \/ semaine<\/td><td>57,00 \u20ac<\/td><\/tr><tr><td>2 jours \/ semaine<\/td><td>38,00 \u20ac<\/td><\/tr><tr><td>1 jour \/ semaine<\/td><td>19,00 \u20ac<\/td><\/tr><\/tbody><\/table><\/figure>\n\n\n\n<p><\/p>\n\n\n\n<p><mark style=\"background-color:rgba(0, 0, 0, 0);color:#2fc600\" class=\"has-inline-color\">Services<\/mark><\/p>\n\n\n\n<figure class=\"wp-block-table is-style-stripes\"><table><tbody><tr><td><strong>Garderie* le matin<\/strong><\/td><td>4 j \/ semaine <\/td><td>28,00 \u20ac<\/td><\/tr><tr><td><strong>Garderie* le soir<\/strong> &#8211; <em>maternelle<\/em><\/td><td>4 j \/ semaine <\/td><td>39,50 \u20ac<\/td><\/tr><tr><td><strong>Etude<\/strong> &#8211; <em>du CP au CM2<\/em><\/td><td>4 j \/ semaine <\/td><td>44,40 \u20ac<\/td><\/tr><tr><td><strong>D\u00e9passement d&rsquo;horaire<\/strong><br><em>en cas de retard r\u00e9p\u00e9t\u00e9s, cette somme forfaitaire sera appliqu\u00e9e <\/em><br><em>d\u00e8s le 3\u00e8me retard.<\/em><\/td><td><\/td><td>30,00 \u20ac<\/td><\/tr><\/tbody><\/table><\/figure>\n\n\n\n<p><\/p>\n\n\n\n<p><mark style=\"background-color:rgba(0, 0, 0, 0);color:#2fc600\" class=\"has-inline-color\">Services occasionnels <\/mark><\/p>\n\n\n\n<figure class=\"wp-block-table is-style-stripes\"><table><tbody><tr><td><strong>Cantine<\/strong><br><em>les inscriptions doivent \u00eatre effectu\u00e9es au moins 48h avant<\/em><\/td><td>6,95 \u20ac \/ repas<\/td><\/tr><tr><td><strong>Garderie<\/strong>*, <em>le matin 7h &#8211; 8h30<\/em><\/td><td>3,70 \u20ac \/ enfant<\/td><\/tr><tr><td><strong>Garderie<\/strong>*, <em>le soir<\/em> 16h30 &#8211; 18h30<\/td><td>4,35 \u20ac \/ enfant<\/td><\/tr><tr><td><strong>Etude<\/strong>, <em>16h30 &#8211; 18h30<\/em><\/td><td>5,90 \u20ac \/ enfant<\/td><\/tr><\/tbody><\/table><figcaption class=\"wp-element-caption\"><em>* La garderie ouvre droit \u00e0 un cr\u00e9dit d&rsquo;imp\u00f4t de 50% pour les enfants \u00e2g\u00e9s de moins de 6 ans au 1er janvier de l&rsquo;imposition.<\/em><\/figcaption><\/figure>\n\n\n\n<p><\/p>\n\n\n\n<h4 class=\"wp-block-heading\"><mark style=\"background-color:rgba(0, 0, 0, 0);color:#2fc6ff\" class=\"has-inline-color\"><mark style=\"background-color:rgba(0, 0, 0, 0);color:#2fc600\" class=\"has-inline-color\">Cotisations annuelles  <\/mark>&nbsp;<\/mark><\/h4>\n\n\n\n<figure class=\"wp-block-table is-style-stripes\"><table><tbody><tr><td><strong>APEL<br><\/strong>Cotisation d\u00e9partementale <br><em>par famille de l&rsquo;Enseignement catholique d&rsquo;Eure et Loir<\/em><br><br>Cotisation interne<br><em>par famille de l&rsquo;\u00e9cole Saint-Joseph Nogent-le-Roi<\/em><br><br><em>en cotisant \u00e0 l&rsquo;APEL, vous recevrez chez vous le magazine trimestriel Famille et Education.<\/em><\/td><td><strong>30,00 \u20ac<\/strong><br><br>20,40 \u20ac<br><br><br>9,60 \u20ac<br><br><\/td><\/tr><tr><td><strong>Association sportive UGSEL<\/strong><br><em>\u00e0 partir du CP<\/em><\/td><td><strong>6,00 \u20ac<\/strong><\/td><\/tr><tr><td><strong>Assurance individuelle accidents<br><\/strong>souscrite aupr\u00e8s de la <strong>Mutuelle Saint-Christophe<\/strong><br>elle couvre votre \/ vos enfants \u00e0 l&rsquo;\u00e9cole, dans ses activit\u00e9s p\u00e9riscolaires ainsi que pendant <br>les vacances<\/td><td><strong>9,50 \u20ac<\/strong><\/td><\/tr><\/tbody><\/table><\/figure>\n\n\n\n<p><\/p>\n\n\n\n<p><mark style=\"background-color:rgba(0, 0, 0, 0);color:#2fc6ff\" class=\"has-inline-color\"><mark style=\"background-color:rgba(0, 0, 0, 0);color:#2fc600\" class=\"has-inline-color\"><strong>Modalit\u00e9s de r\u00e8glement<\/strong><\/mark><\/mark><\/p>\n\n\n\n<p>La facturation peut \u00eatre \u00e9tablie <strong>annuellement<\/strong> avec un r\u00e8glement en totalit\u00e9 d\u00e8s r\u00e9ception de facture, <strong>trimestriellement<\/strong> (1\/3 en septembre, 1\/3 en d\u00e9cembre, 1\/3 en mars) ou <strong>mensuellement<\/strong> le 10 de chaque mois.<\/p>\n\n\n\n<p><span style=\"text-decoration: underline;\">Les r\u00e8glements peuvent se faire par <\/span>:<\/p>\n\n\n\n<figure class=\"wp-block-table is-style-stripes\"><table><tbody><tr><td><strong>Pr\u00e9l\u00e8vements automatiques<\/strong> <br>Nous vous demandons de privil\u00e9gier ce mode de r\u00e8glement.<br><em>Les pr\u00e9l\u00e8vements sont effectu\u00e9s le 10 de chaque mois. <\/em><br><em>Le 1er est effectu\u00e9 le 10\/10\/2025 &#8211; le dernier est effectu\u00e9 le 10\/07\/2026.<\/em><\/td><\/tr><tr><td><strong>Ch\u00e8ques<br><\/strong><em>Les r\u00e8glements par ch\u00e8que se font \u00e0 l&rsquo;ordre de l&rsquo; O.G.E.C. Saint-Joseph<\/em><\/td><\/tr><tr><td><strong>Esp\u00e8ces<\/strong><br><em>Les r\u00e8glements en esp\u00e8ces sont \u00e0 faire obligatoirement au bureau ou un re\u00e7u vous sera d\u00e9livr\u00e9.<\/em><\/td><\/tr><\/tbody><\/table><\/figure>\n\n\n\n<p><\/p>\n","protected":false},"excerpt":{"rendered":"<p>Charges mensuelles (annualis\u00e9es &#8211; 10 mensualit\u00e9s, d&rsquo;octobre 2024 \u00e0 juillet 2025)&nbsp; Contribution par enfant Contribution 1er enfant 79,00 \u20ac Pour &hellip; <\/p>\n","protected":false},"author":2,"featured_media":0,"parent":0,"menu_order":0,"comment_status":"closed","ping_status":"closed","template":"","meta":{"footnotes":""},"class_list":["post-847","page","type-page","status-publish","hentry"],"_links":{"self":[{"href":"http:\/\/www.ecolesaintjoseph.fr\/index.php?rest_route=\/wp\/v2\/pages\/847","targetHints":{"allow":["GET"]}}],"collection":[{"href":"http:\/\/www.ecolesaintjoseph.fr\/index.php?rest_route=\/wp\/v2\/pages"}],"about":[{"href":"http:\/\/www.ecolesaintjoseph.fr\/index.php?rest_route=\/wp\/v2\/types\/page"}],"author":[{"embeddable":true,"href":"http:\/\/www.ecolesaintjoseph.fr\/index.php?rest_route=\/wp\/v2\/users\/2"}],"replies":[{"embeddable":true,"href":"http:\/\/www.ecolesaintjoseph.fr\/index.php?rest_route=%2Fwp%2Fv2%2Fcomments&post=847"}],"version-history":[{"count":7,"href":"http:\/\/www.ecolesaintjoseph.fr\/index.php?rest_route=\/wp\/v2\/pages\/847\/revisions"}],"predecessor-version":[{"id":1514,"href":"http:\/\/www.ecolesaintjoseph.fr\/index.php?rest_route=\/wp\/v2\/pages\/847\/revisions\/1514"}],"wp:attachment":[{"href":"http:\/\/www.ecolesaintjoseph.fr\/index.php?rest_route=%2Fwp%2Fv2%2Fmedia&parent=847"}],"curies":[{"name":"wp","href":"https:\/\/api.w.org\/{rel}","templated":true}]}}