{"id":848,"date":"2023-10-16T21:01:20","date_gmt":"2023-10-16T20:01:20","guid":{"rendered":"http:\/\/www.ecolesaintjoseph.fr\/?page_id=848"},"modified":"2024-02-08T12:12:02","modified_gmt":"2024-02-08T11:12:02","slug":"nous-situer","status":"publish","type":"page","link":"http:\/\/www.ecolesaintjoseph.fr\/?page_id=848","title":{"rendered":"Nous situer"},"content":{"rendered":"\n<div class=\"wp-block-media-text is-stacked-on-mobile\" style=\"grid-template-columns:41% auto\"><figure class=\"wp-block-media-text__media\"><img loading=\"lazy\" decoding=\"async\" width=\"490\" height=\"421\" src=\"http:\/\/www.ecolesaintjoseph.fr\/wp-content\/uploads\/2023\/11\/Nous-situer-1.jpg\" alt=\"\" class=\"wp-image-888 size-full\" srcset=\"http:\/\/www.ecolesaintjoseph.fr\/wp-content\/uploads\/2023\/11\/Nous-situer-1.jpg 490w, http:\/\/www.ecolesaintjoseph.fr\/wp-content\/uploads\/2023\/11\/Nous-situer-1-300x258.jpg 300w\" sizes=\"auto, (max-width: 490px) 100vw, 490px\" \/><\/figure><div class=\"wp-block-media-text__content\">\n<p>L&rsquo;\u00e9cole Saint-Joseph de Nogent-le-Roi est situ\u00e9e au coeur du triangle Dreux &#8211; Chartres &#8211; Rambouillet,<\/p>\n\n\n\n<div class=\"wp-block-group\"><div class=\"wp-block-group__inner-container is-layout-constrained wp-block-group-is-layout-constrained\">\n<p>&#8211; \u00e0 13 km de Tremblay-les-villages<\/p>\n\n\n\n<p>&#8211; \u00e0 9 km de Maintenon<\/p>\n\n\n\n<p>&#8211; \u00e0 6 km de Faverolles<\/p>\n\n\n\n<p>&#8211; \u00e0 9 km de Prouais<\/p>\n\n\n\n<p>&#8211; \u00e0 12 km d&rsquo;\u00c9pernon<\/p>\n<\/div><\/div>\n<\/div><\/div>\n\n\n\n<p><\/p>\n\n\n\n<p><\/p>\n\n\n\n<p>La commune de Nogent-le-Roi offre \u00e0 l&rsquo;\u00e9cole un cadre privil\u00e9gi\u00e9 alliant ville et campagne. Son ch\u00e2teau et son parc de 90 hectares se trouvent \u00e0 10 minutes \u00e0 pieds de l&rsquo;\u00e9cole et sont le lieu de nombreuses activit\u00e9s.<\/p>\n\n\n\n<figure class=\"wp-block-gallery aligncenter has-nested-images columns-default is-cropped wp-block-gallery-1 is-layout-flex wp-block-gallery-is-layout-flex\">\n<figure class=\"wp-block-image size-large\"><a href=\"http:\/\/www.ecolesaintjoseph.fr\/wp-content\/uploads\/2023\/12\/17fd2b_ab56cfcd906f472cb604e62ddb417ce3mv2_d_4320_3240_s_4_2-1-scaled.jpg\"><img loading=\"lazy\" decoding=\"async\" width=\"1024\" height=\"768\" data-id=\"899\" src=\"http:\/\/www.ecolesaintjoseph.fr\/wp-content\/uploads\/2023\/12\/17fd2b_ab56cfcd906f472cb604e62ddb417ce3mv2_d_4320_3240_s_4_2-1-1024x768.jpg\" alt=\"\" class=\"wp-image-899\" srcset=\"http:\/\/www.ecolesaintjoseph.fr\/wp-content\/uploads\/2023\/12\/17fd2b_ab56cfcd906f472cb604e62ddb417ce3mv2_d_4320_3240_s_4_2-1-1024x768.jpg 1024w, http:\/\/www.ecolesaintjoseph.fr\/wp-content\/uploads\/2023\/12\/17fd2b_ab56cfcd906f472cb604e62ddb417ce3mv2_d_4320_3240_s_4_2-1-300x225.jpg 300w, http:\/\/www.ecolesaintjoseph.fr\/wp-content\/uploads\/2023\/12\/17fd2b_ab56cfcd906f472cb604e62ddb417ce3mv2_d_4320_3240_s_4_2-1-768x576.jpg 768w, http:\/\/www.ecolesaintjoseph.fr\/wp-content\/uploads\/2023\/12\/17fd2b_ab56cfcd906f472cb604e62ddb417ce3mv2_d_4320_3240_s_4_2-1-1536x1152.jpg 1536w, http:\/\/www.ecolesaintjoseph.fr\/wp-content\/uploads\/2023\/12\/17fd2b_ab56cfcd906f472cb604e62ddb417ce3mv2_d_4320_3240_s_4_2-1-2048x1536.jpg 2048w\" sizes=\"auto, (max-width: 1024px) 100vw, 1024px\" \/><\/a><\/figure>\n\n\n\n<figure class=\"wp-block-image size-large\"><a href=\"http:\/\/www.ecolesaintjoseph.fr\/wp-content\/uploads\/2023\/12\/images-1-1.jpeg\"><img loading=\"lazy\" decoding=\"async\" width=\"280\" height=\"180\" data-id=\"897\" src=\"http:\/\/www.ecolesaintjoseph.fr\/wp-content\/uploads\/2023\/12\/images-1-1.jpeg\" alt=\"\" class=\"wp-image-897\"\/><\/a><\/figure>\n\n\n\n<figure class=\"wp-block-image size-large\"><a href=\"http:\/\/www.ecolesaintjoseph.fr\/wp-content\/uploads\/2023\/12\/images.jpeg\"><img loading=\"lazy\" decoding=\"async\" width=\"259\" height=\"194\" data-id=\"898\" src=\"http:\/\/www.ecolesaintjoseph.fr\/wp-content\/uploads\/2023\/12\/images.jpeg\" alt=\"\" class=\"wp-image-898\"\/><\/a><\/figure>\n<\/figure>\n","protected":false},"excerpt":{"rendered":"<p>La commune de Nogent-le-Roi offre \u00e0 l&rsquo;\u00e9cole un cadre privil\u00e9gi\u00e9 alliant ville et campagne. Son ch\u00e2teau et son parc de &hellip; <\/p>\n","protected":false},"author":1,"featured_media":0,"parent":0,"menu_order":0,"comment_status":"closed","ping_status":"closed","template":"","meta":{"footnotes":""},"class_list":["post-848","page","type-page","status-publish","hentry"],"_links":{"self":[{"href":"http:\/\/www.ecolesaintjoseph.fr\/index.php?rest_route=\/wp\/v2\/pages\/848","targetHints":{"allow":["GET"]}}],"collection":[{"href":"http:\/\/www.ecolesaintjoseph.fr\/index.php?rest_route=\/wp\/v2\/pages"}],"about":[{"href":"http:\/\/www.ecolesaintjoseph.fr\/index.php?rest_route=\/wp\/v2\/types\/page"}],"author":[{"embeddable":true,"href":"http:\/\/www.ecolesaintjoseph.fr\/index.php?rest_route=\/wp\/v2\/users\/1"}],"replies":[{"embeddable":true,"href":"http:\/\/www.ecolesaintjoseph.fr\/index.php?rest_route=%2Fwp%2Fv2%2Fcomments&post=848"}],"version-history":[{"count":11,"href":"http:\/\/www.ecolesaintjoseph.fr\/index.php?rest_route=\/wp\/v2\/pages\/848\/revisions"}],"predecessor-version":[{"id":1373,"href":"http:\/\/www.ecolesaintjoseph.fr\/index.php?rest_route=\/wp\/v2\/pages\/848\/revisions\/1373"}],"wp:attachment":[{"href":"http:\/\/www.ecolesaintjoseph.fr\/index.php?rest_route=%2Fwp%2Fv2%2Fmedia&parent=848"}],"curies":[{"name":"wp","href":"https:\/\/api.w.org\/{rel}","templated":true}]}}