{"id":973,"date":"2024-02-06T16:30:54","date_gmt":"2024-02-06T15:30:54","guid":{"rendered":"http:\/\/www.ecolesaintjoseph.fr\/?page_id=973"},"modified":"2024-03-12T18:30:57","modified_gmt":"2024-03-12T17:30:57","slug":"bienvenue-a-lecole-saint-joseph","status":"publish","type":"page","link":"http:\/\/www.ecolesaintjoseph.fr\/","title":{"rendered":"Bienvenue \u00e0 l&rsquo;\u00e9cole Saint-Joseph"},"content":{"rendered":"<div>\n<div class=\"wDYxhc NFQFxe\" data-attrid=\"kc:\/local:merchant_description\" data-md=\"335\">\n<div data-ved=\"2ahUKEwjpk-bsg5eEAxUEVqQEHY3mAYsQt5ICegQIHBAA\" data-hveid=\"CBwQAA\">\n<div data-ved=\"2ahUKEwjpk-bsg5eEAxUEVqQEHY3mAYsQ9e0CegQIHBAB\" data-long-text=\"&quot;L\u2019\u00e9cole priv\u00e9e catholique Saint-Joseph de Nogent-le-roi, sous contrat avec l\u2019Education Nationale, est une \u00e9cole sous tutelle des Soeurs de Saint-Paul de Chartres.\n\nL\u2019\u00e9ducation propos\u00e9e \u00e0 l\u2019\u00e9cole Saint-Joseph de Nogent-le-roi vise \u00e0 faire grandir l\u2019enfant en toute s\u00e9r\u00e9nit\u00e9 dans un climat bienveillant et chaleureux, propice au d\u00e9veloppement personnel afin que chaque enfant puisse donner le meilleur de lui m\u00eame.\n\nL\u2019\u00e9cole Saint-Joseph de Nogent-le-roi accueille aujourd\u2019hui 7 enseignantes, 160 \u00e9l\u00e8ves, de la Petite Section au CM2 dans 7 classes dont 2 classes de maternelle et 5 classes de primaires.&quot;\" data-short-text=\"&quot;L\u2019\u00e9cole priv\u00e9e catholique Saint-Joseph de Nogent-le-roi, sous contrat avec l\u2019Education Nationale, est une \u00e9cole sous tutelle des Soeurs de Saint-Paul de Chartres.\n\nL\u2019\u00e9ducation propos\u00e9e \u00e0 l\u2019\u00e9cole Saint-Joseph de Nogent-le-roi vise \u00e0 faire grandir\" data-expanded=\"false\" data-show-less=\"false\" data-show-more-aria-label=\"afficher plus\" data-show-less-aria-label=\"moins\"><\/p>\n<div style=\"text-align: center;\">L\u2019\u00e9ducation propos\u00e9e \u00e0 l\u2019\u00e9cole Saint-Joseph vise \u00e0 faire grandir l\u2019enfant en toute s\u00e9r\u00e9nit\u00e9 dans un climat bienveillant et chaleureux, propice au d\u00e9veloppement personnel afin que chaque enfant puisse donner le meilleur de lui m\u00eame.<\/div>\n<\/div>\n<\/div>\n<\/div>\n<\/div>\n","protected":false},"excerpt":{"rendered":"<p>L\u2019\u00e9ducation propos\u00e9e \u00e0 l\u2019\u00e9cole Saint-Joseph vise \u00e0 faire grandir l\u2019enfant en toute s\u00e9r\u00e9nit\u00e9 dans un climat bienveillant et chaleureux, propice &hellip; <\/p>\n","protected":false},"author":1,"featured_media":0,"parent":0,"menu_order":0,"comment_status":"closed","ping_status":"closed","template":"template-home.php","meta":{"footnotes":""},"class_list":["post-973","page","type-page","status-publish","hentry"],"_links":{"self":[{"href":"http:\/\/www.ecolesaintjoseph.fr\/index.php?rest_route=\/wp\/v2\/pages\/973","targetHints":{"allow":["GET"]}}],"collection":[{"href":"http:\/\/www.ecolesaintjoseph.fr\/index.php?rest_route=\/wp\/v2\/pages"}],"about":[{"href":"http:\/\/www.ecolesaintjoseph.fr\/index.php?rest_route=\/wp\/v2\/types\/page"}],"author":[{"embeddable":true,"href":"http:\/\/www.ecolesaintjoseph.fr\/index.php?rest_route=\/wp\/v2\/users\/1"}],"replies":[{"embeddable":true,"href":"http:\/\/www.ecolesaintjoseph.fr\/index.php?rest_route=%2Fwp%2Fv2%2Fcomments&post=973"}],"version-history":[{"count":1,"href":"http:\/\/www.ecolesaintjoseph.fr\/index.php?rest_route=\/wp\/v2\/pages\/973\/revisions"}],"predecessor-version":[{"id":974,"href":"http:\/\/www.ecolesaintjoseph.fr\/index.php?rest_route=\/wp\/v2\/pages\/973\/revisions\/974"}],"wp:attachment":[{"href":"http:\/\/www.ecolesaintjoseph.fr\/index.php?rest_route=%2Fwp%2Fv2%2Fmedia&parent=973"}],"curies":[{"name":"wp","href":"https:\/\/api.w.org\/{rel}","templated":true}]}}